{"id":4487,"date":"2025-10-22T23:54:53","date_gmt":"2025-10-22T21:54:53","guid":{"rendered":"https:\/\/shop.bikeshore.com\/?post_type=product&#038;p=4487"},"modified":"2026-03-01T10:41:00","modified_gmt":"2026-03-01T09:41:00","slug":"kinekt-xr-umrust-satz-ist-da","status":"publish","type":"product","link":"https:\/\/shop.bikeshore.com\/de\/produkt\/cirrus-cycles-de\/kinekt-xr-umrust-satz-ist-da\/","title":{"rendered":"Der Kinekt XR Umr\u00fcst-Satz ist da"},"content":{"rendered":"<h2>XR Retro Fit Kit &#8211; XR-Nachr\u00fcstsatz<\/h2>\n<p>Der Kinekt XR Umr\u00fcst-Satz k\u00f6nnte f\u00fcr dich geeignet sein, wenn du derzeit eine \u00e4ltere 2.1-Sattelst\u00fctze oder unsere neuere Kinekt LR Sattelst\u00fctze (diese verwendet k\u00fcrzere 1,75-Zoll-Unterfedern) besitzt. Du kannst damit auf die Kinekt XR Sattelst\u00fctze umr\u00fcsten.<\/p>\n<p><strong>Was der Kinekt XR Umr\u00fcst-Satz erm\u00f6glicht<\/strong><\/p>\n<li>Unterst\u00fctzung f\u00fcr st\u00e4rkere Federn \/ h\u00f6heres Fahrergewicht<\/li>\n<p>Der Kinekt XR Umr\u00fcst-Satz erm\u00f6glicht dir die Verwendung st\u00e4rkerer Federn f\u00fcr Fahrer in einer h\u00f6heren Gewichtsklasse (72 bis 145 kg), die m\u00f6glicherweise \u00fcber der Leistung des Original-Setups liegt.<br \/>\nIn der Praxis bedeutet dies, dass deine Federung unter deinem Gewicht nicht durchschl\u00e4gt und du Komfort und Kontrolle besser ausbalancieren kannst.<\/p>\n<li>Besser f\u00fcr E-Bikes \/ h\u00f6here Belastungen<\/li>\n<p>Da E-Bikes aufgrund des zus\u00e4tzlichen Gewichts und der zus\u00e4tzlichen Kr\u00e4fte tendenziell mehr vertikale Belastungen aus\u00fcben, kann eine steifere Federung die Kontrolle verbessern und \u00fcberm\u00e4ssigen Durchhang verhindern. \u201eDurchschlagen\u201c. Der Kinekt XR Umr\u00fcst-Satz wird als besser f\u00fcr den Einsatz mit E-Bikes geeignet eingestuft.<\/p>\n<li>Upgrade von \u00e4lteren Kinekt-Versionen (Abw\u00e4rtskompatibilit\u00e4t)<\/li>\n<p>Wenn du derzeit eine \u00e4ltere Kinekt 2.1- oder Kinekt LR-Version besitzt, kannst du mit dem Nachr\u00fcstsatz auf die Kinekt XR-Konfiguration (mit potenziell verbesserten Federoptionen) \u201eupgraden\u201c, ohne die gesamte Sattelst\u00fctze austauschen zu m\u00fcssen.<\/p>\n<li>Mehr Flexibilit\u00e4t beim Tuning \/ bessere Anpassung<\/li>\n<p>Durch die Umstellung auf das Kinekt XR-Format kannst du die Federn m\u00f6glicherweise genauer an dein Gewicht, deinen Fahrstil oder das Gel\u00e4nde anpassen. Mit einem Kinekt XR Retro Fit Nachr\u00fcstsatz kannst du mit Federkombinationen experimentieren, die besser zu deinem Einsatzzweck (Pendeln, Schotter, gemischte Stra\u00dfen) passen.<\/p>\n","protected":false},"excerpt":{"rendered":"<h2>XR Retro Fit Kit &#8211; XR-Nachr\u00fcstsatz<\/h2>\n<p>Das XR Retro Fit Kit k\u00f6nnte f\u00fcr dich geeignet sein, wenn du derzeit eine \u00e4ltere 2.1-Sattelst\u00fctze oder unsere neuere Kinekt LR Sattelst\u00fctze (diese verwendet k\u00fcrzere 1,75-Zoll-Unterfedern) besitzt. Du kannst damit auf die Kinekt XR Sattelst\u00fctze umr\u00fcsten.<\/p>\n<p>Unterst\u00fctzung f\u00fcr st\u00e4rkere Federn \/ h\u00f6heres Fahrergewicht<\/li>\n<p>Der Kinekt XR-Nachr\u00fcstsatz erm\u00f6glicht dir die Verwendung st\u00e4rkerer Federn f\u00fcr Fahrer in einer h\u00f6heren Gewichtsklasse (72 bis 145 kg)<\/p>\n<p>Also auch besser f\u00fcr die schweren E-Bikes geeignet<\/p>\n","protected":false},"featured_media":4480,"comment_status":"open","ping_status":"closed","template":"","meta":[],"product_brand":[],"product_cat":[289,286,32,29],"product_tag":[348,183,182],"class_list":{"0":"post-4487","1":"product","2":"type-product","3":"status-publish","4":"has-post-thumbnail","6":"product_cat-cirrus-cycles-de","7":"product_cat-kinekt-gefederte-sattelstutze","8":"product_cat-kinekt-zubehoer","9":"product_cat-sattelstuetzen","10":"product_tag-ersatzteile","11":"product_tag-kinekt","12":"product_tag-sattelstutze","13":"product_shipping_class-brief-bis-500g","15":"first","16":"onbackorder","17":"purchasable","18":"product-type-simple"},"_links":{"self":[{"href":"https:\/\/shop.bikeshore.com\/de\/wp-json\/wp\/v2\/product\/4487","targetHints":{"allow":["GET"]}}],"collection":[{"href":"https:\/\/shop.bikeshore.com\/de\/wp-json\/wp\/v2\/product"}],"about":[{"href":"https:\/\/shop.bikeshore.com\/de\/wp-json\/wp\/v2\/types\/product"}],"replies":[{"embeddable":true,"href":"https:\/\/shop.bikeshore.com\/de\/wp-json\/wp\/v2\/comments?post=4487"}],"wp:featuredmedia":[{"embeddable":true,"href":"https:\/\/shop.bikeshore.com\/de\/wp-json\/wp\/v2\/media\/4480"}],"wp:attachment":[{"href":"https:\/\/shop.bikeshore.com\/de\/wp-json\/wp\/v2\/media?parent=4487"}],"wp:term":[{"taxonomy":"product_brand","embeddable":true,"href":"https:\/\/shop.bikeshore.com\/de\/wp-json\/wp\/v2\/product_brand?post=4487"},{"taxonomy":"product_cat","embeddable":true,"href":"https:\/\/shop.bikeshore.com\/de\/wp-json\/wp\/v2\/product_cat?post=4487"},{"taxonomy":"product_tag","embeddable":true,"href":"https:\/\/shop.bikeshore.com\/de\/wp-json\/wp\/v2\/product_tag?post=4487"}],"curies":[{"name":"wp","href":"https:\/\/api.w.org\/{rel}","templated":true}]}}