{"id":4365,"date":"2025-04-26T00:30:36","date_gmt":"2025-04-25T22:31:09","guid":{"rendered":"https:\/\/shop.bikeshore.com\/?post_type=product&#038;p=4365"},"modified":"2025-04-26T00:35:32","modified_gmt":"2025-04-25T22:35:32","slug":"multitool-sardine-von-equipt","status":"publish","type":"product","link":"https:\/\/shop.bikeshore.com\/de\/produkt\/equipt-de\/multitool-sardine-von-equipt\/","title":{"rendered":"Pr\u00e4zisions Multitool Sardine von Equipt"},"content":{"rendered":"<p><strong><\/p>\n<p>Pr\u00e4zisionswerkzeug Multitool Sardine von Equipt<\/p>\n<p><\/strong><\/p>\n<p>Fahrrad-Multitools sind seit langem gleich geblieben \u2013 keine Innovation, klobig, schwer und umst\u00e4ndlich in der Handhabung. F\u00fcr den Entwickler der Equipt-Werkzeuge war das \u00fcber Jahre hinweg sowohl Herausforderung als auch Motivation \u2013 und jetzt ist es endlich so weit.<\/p>\n<p>Das neu entwickelte tragbare Werkzeug namens \u201eSardine\u201c ist stabf\u00f6rmig und extrem leicht (nur 38 Gramm!). Und das Beste: Es ist einfach zu benutzen. Durch die l\u00e4ngliche Form l\u00e4sst es sich schnell drehen, wodurch die Arbeitszeit verk\u00fcrzt wird. Wird es im 90-Grad-Winkel eingestellt, kann man durch Ansetzen von Drehmoment Schrauben l\u00f6sen oder festziehen \u2013 ganz ohne das Werkzeug umzusetzen.<\/p>\n<p>Die vier Werkzeug-Bits bewegen sich frei und k\u00f6nnen somit in jedem Winkel verwendet werden \u2013 auch an schwer zug\u00e4nglichen Stellen wie bei der Montage von Sattelst\u00fctze, Flaschenhalter, Sattel usw. Das Werkzeug beim Drehen zu wenden, macht das L\u00f6sen und Festziehen schnell und stabil.<\/p>\n<p>Die vier Bits lassen sich frei bewegen, sodass sie auch in engen R\u00e4umen aus jedem Winkel eingesetzt werden k\u00f6nnen.<\/p>\n<p>\u201eDie Bits sind bewusst auf f\u00fcnf Funktionen beschr\u00e4nkt: HEX 6\/5\/4\/3 und Torx T25. Au\u00dferdem ist das Werkzeug mit einer Topeak 8-mm-Stecknuss kompatibel. Denn genau diese Funktionen braucht man am h\u00e4ufigsten bei einer Tour. F\u00fcr Kettennieter oder kleinere Inbusgr\u00f6\u00dfen empfiehlt es sich, separate Werkzeuge dabeizuhaben.\u201c<\/p>\n<p><em><\/p>\n<p>Das Pr\u00e4zisionswerkzeug Sardine von Equipt ist auch mit 8-mm-Steckn\u00fcssen kompatibel!<\/p>\n<p><\/em><br \/>\n<img loading=\"lazy\" decoding=\"async\" src=\"https:\/\/shop.bikeshore.com\/wp-content\/uploads\/2025\/04\/Precision-Equipt-Tool-Sardine-30-e1745247725909.jpg\" alt=\"Precision Equipt Sardine Tool is 8mm box bit compatible\" width=\"300\" height=\"114\" class=\"size-medium wp-image-4359\" srcset=\"https:\/\/shop.bikeshore.com\/wp-content\/uploads\/2025\/04\/Precision-Equipt-Tool-Sardine-30-e1745247725909.jpg 1080w, https:\/\/shop.bikeshore.com\/wp-content\/uploads\/2025\/04\/Precision-Equipt-Tool-Sardine-30-e1745247725909-300x114.jpg 300w, https:\/\/shop.bikeshore.com\/wp-content\/uploads\/2025\/04\/Precision-Equipt-Tool-Sardine-30-e1745247725909-1024x391.jpg 1024w, https:\/\/shop.bikeshore.com\/wp-content\/uploads\/2025\/04\/Precision-Equipt-Tool-Sardine-30-e1745247725909-768x293.jpg 768w, https:\/\/shop.bikeshore.com\/wp-content\/uploads\/2025\/04\/Precision-Equipt-Tool-Sardine-30-e1745247725909-416x159.jpg 416w\" sizes=\"auto, (max-width: 300px) 100vw, 300px\" \/><\/p>\n<p>Ein 3D-gedruckter Halter ist im Lieferumfang enthalten. Er kann unter dem Flaschenhalter montiert werden. Der Halter verf\u00fcgt \u00fcber zwei parallele Bohrungen \u2013 w\u00e4hlen Sie je nach Rahmenst\u00e4rke die passende aus.<\/p>\n<p>Bitte beachten Sie au\u00dferdem: Wenn Sie das Werkzeug direkt in der Tasche tragen, besteht bei einem Sturz Verletzungsgefahr.<\/p>\n","protected":false},"excerpt":{"rendered":"<p><strong><\/p>\n<p>Lernen Sie das Pr\u00e4zisions Multitool Sardine von Equipt kennen \u2013 Ihr probleml\u00f6sender leichtgewicht Begleiter im Taschenformat<\/p>\n<p><\/strong><\/p>\n<p>Das Equipt Sardine Multi-Tool ist die perfekte Kombination aus kompaktem Design und praktischer Funktionalit\u00e4t.<\/p>\n<p>Egal ob Sie Ihr Fahrrad feinjustieren oder kleinere Reparaturen im Haushalt erledigen \u2013 dieses clevere kleine tragbare Werkzeug ist stets zur Stelle.<br \/> Ausgestattet mit 3mm-, 4mm-, 5mm- und T25-Torx-Bits (ideal f\u00fcr Bremsscheiben) sowie einem versteckten 6mm-Bit im Griff, ist es f\u00fcr jede Aufgabe bereit.<\/p>\n<p>Das einzigartige Schwenkdesign verwandelt es von einem Werkzeug mit hoher Hebelwirkung in einen pr\u00e4zisen Schraubendreher im Stiftformat, mit dem Sie m\u00fchelos lockern, festziehen oder einstellen k\u00f6nnen.<br \/> Mit nur 38 g Gewicht und einer L\u00e4nge von ca. 85 mm kommt das Sardine in vier auff\u00e4lligen Farben und enth\u00e4lt eine Halterung f\u00fcr die Montage am Flaschenhalter \u2013 f\u00fcr einfache Mitnahme am Fahrrad.<\/p>\n<p>Kompakt. Clever. Leistungsf\u00e4hig. Zeit, Ihr Fahrradwerkzeug neu zu denken.<\/p>\n","protected":false},"featured_media":4344,"comment_status":"open","ping_status":"closed","template":"","meta":[],"product_brand":[431],"product_cat":[428],"product_tag":[],"class_list":{"0":"post-4365","1":"product","2":"type-product","3":"status-publish","4":"has-post-thumbnail","6":"product_brand-equipt","7":"product_cat-equipt-de","8":"product_shipping_class-brief-bis-100g","10":"first","11":"instock","12":"purchasable","13":"product-type-variable"},"_links":{"self":[{"href":"https:\/\/shop.bikeshore.com\/de\/wp-json\/wp\/v2\/product\/4365","targetHints":{"allow":["GET"]}}],"collection":[{"href":"https:\/\/shop.bikeshore.com\/de\/wp-json\/wp\/v2\/product"}],"about":[{"href":"https:\/\/shop.bikeshore.com\/de\/wp-json\/wp\/v2\/types\/product"}],"replies":[{"embeddable":true,"href":"https:\/\/shop.bikeshore.com\/de\/wp-json\/wp\/v2\/comments?post=4365"}],"wp:featuredmedia":[{"embeddable":true,"href":"https:\/\/shop.bikeshore.com\/de\/wp-json\/wp\/v2\/media\/4344"}],"wp:attachment":[{"href":"https:\/\/shop.bikeshore.com\/de\/wp-json\/wp\/v2\/media?parent=4365"}],"wp:term":[{"taxonomy":"product_brand","embeddable":true,"href":"https:\/\/shop.bikeshore.com\/de\/wp-json\/wp\/v2\/product_brand?post=4365"},{"taxonomy":"product_cat","embeddable":true,"href":"https:\/\/shop.bikeshore.com\/de\/wp-json\/wp\/v2\/product_cat?post=4365"},{"taxonomy":"product_tag","embeddable":true,"href":"https:\/\/shop.bikeshore.com\/de\/wp-json\/wp\/v2\/product_tag?post=4365"}],"curies":[{"name":"wp","href":"https:\/\/api.w.org\/{rel}","templated":true}]}}