{"id":4046,"date":"2024-01-31T22:43:24","date_gmt":"2024-01-31T21:44:03","guid":{"rendered":"https:\/\/shop.bikeshore.com\/?post_type=product&#038;p=4046"},"modified":"2024-07-14T21:36:46","modified_gmt":"2024-07-14T19:36:46","slug":"kinekt-vorbau-rebuild-kit","status":"publish","type":"product","link":"https:\/\/shop.bikeshore.com\/de\/produkt\/cirrus-cycles-de\/kinekt-vorbau-rebuild-kit\/","title":{"rendered":"Kinekt Vorbau Rebuild Kit"},"content":{"rendered":"<h3>Mach deinen Kinekt Vorbau mit dem Stem Rebuild Kit wieder wie NEU!<\/h3>\n<p>Das Rebuild-Kit wurde entwickelt, um deinen gefederten Kinekt-Vorbau zu erneuern und ihm viele weitere Jahre Nutzungsdauer zu schenken.<\/p>\n<p>Das Kit Enth\u00e4lt alles, um die Lagerb\u00fcchsen und den unteren Anschlag zu wechseln.<\/p>\n<p>Installation: Du musst kein Fahrradmechaniker sein, was das Rebuild-Kit allen Radfahrern aller Erfahrungsstufen zug\u00e4nglich macht. Frische deinen gefederten Kinekt-Vorbau auf und sei in k\u00fcrzester Zeit wieder auf der Strasse und hab noch mehr Spass und Komfort.<\/p>\n<p>Anpassbarer Komfort: Gestalte deine Radfahrerfahrung mit den verstellbaren Funktionen des Kinekt Suspension Vorbau nach deinen W\u00fcnschen.<\/p>\n<p>Das Rebuild-Kit enth\u00e4lt verschiedene Komponenten, die es dir erm\u00f6glichen, die Federung aufzufrischen und an dein bevorzugtes Mass an Komfort und Leistung anzupassen.<\/p>\n<p>Erfrische deine Radreise noch heute mit dem Kinekt Stem (Rebuild Kit) \u2013 wo Innovation auf Leistung trifft und ein unvergleichliches Fahrerlebnis bietet. Setze nicht auf das Gew\u00f6hnliche, w\u00e4hle das Aussergew\u00f6hnliche.<\/p>\n<p><em>Du und Dein Fahrrad haben es verdient!<\/p>\n<p>&#8230;Entwickelt, um Deinen Radabenteuern neues Leben einzuhauchen.<\/em><\/p>\n","protected":false},"excerpt":{"rendered":"<p>Mit unserem einfach zu verwendenden Vorbau Rebuild Kit kannst du Deinen Kinekt-Vorbau f\u00fcr viele weitere Jahre auffrischen. Enth\u00e4lt alles zum Wechseln der Lagerb\u00fcchsen und des unteren Anschlag.<\/p>\n<p>&#8230;entworfen, um Deinen Radabenteuern neues Leben einzuhauchen.<\/p>\n","protected":false},"featured_media":4045,"comment_status":"open","ping_status":"closed","template":"","meta":[],"product_brand":[],"product_cat":[289,346,379],"product_tag":[],"class_list":{"0":"post-4046","1":"product","2":"type-product","3":"status-publish","4":"has-post-thumbnail","6":"product_cat-cirrus-cycles-de","7":"product_cat-gefederter-kinekt-vorbau","8":"product_cat-tools-ersatzteile","9":"product_shipping_class-brief-bis-100g","11":"first","12":"instock","13":"purchasable","14":"product-type-simple"},"_links":{"self":[{"href":"https:\/\/shop.bikeshore.com\/de\/wp-json\/wp\/v2\/product\/4046","targetHints":{"allow":["GET"]}}],"collection":[{"href":"https:\/\/shop.bikeshore.com\/de\/wp-json\/wp\/v2\/product"}],"about":[{"href":"https:\/\/shop.bikeshore.com\/de\/wp-json\/wp\/v2\/types\/product"}],"replies":[{"embeddable":true,"href":"https:\/\/shop.bikeshore.com\/de\/wp-json\/wp\/v2\/comments?post=4046"}],"wp:featuredmedia":[{"embeddable":true,"href":"https:\/\/shop.bikeshore.com\/de\/wp-json\/wp\/v2\/media\/4045"}],"wp:attachment":[{"href":"https:\/\/shop.bikeshore.com\/de\/wp-json\/wp\/v2\/media?parent=4046"}],"wp:term":[{"taxonomy":"product_brand","embeddable":true,"href":"https:\/\/shop.bikeshore.com\/de\/wp-json\/wp\/v2\/product_brand?post=4046"},{"taxonomy":"product_cat","embeddable":true,"href":"https:\/\/shop.bikeshore.com\/de\/wp-json\/wp\/v2\/product_cat?post=4046"},{"taxonomy":"product_tag","embeddable":true,"href":"https:\/\/shop.bikeshore.com\/de\/wp-json\/wp\/v2\/product_tag?post=4046"}],"curies":[{"name":"wp","href":"https:\/\/api.w.org\/{rel}","templated":true}]}}