{"id":3950,"date":"2023-09-05T00:02:47","date_gmt":"2023-09-04T22:16:50","guid":{"rendered":"https:\/\/shop.bikeshore.com\/?post_type=product&#038;p=3950"},"modified":"2025-07-02T16:01:46","modified_gmt":"2025-07-02T14:01:46","slug":"diebstahlsichere-sattelstutzen-klemme","status":"publish","type":"product","link":"https:\/\/shop.bikeshore.com\/de\/produkt\/cirrus-cycles-de\/diebstahlsichere-sattelstutzen-klemme\/","title":{"rendered":"Diebstahlsichere Sattelst\u00fctzen Klemme"},"content":{"rendered":"<h2>Diebstahlsichere Sattelst\u00fctzen Klemme<\/h2>\n<p>Die Diebstahlsichere Sattelst\u00fctzen Klemme verwendet einen spezial \u201eSchl\u00fcssel\u201c, der den Diebstahl einer Sattelst\u00fctze verhindert. Sch\u00fctzen Sie Ihre Kinekt-Sattelst\u00fctze vor Diebstahl! Leicht und langlebig. Hergestellt aus hochwertigem 6061-Aluminium.<\/p>\n<p><strong>Geniesse deine Fahrten, sorgenfrei!<\/strong><br \/>\nErh\u00e4ltlich in 3 Gr\u00f6ssen mit spezial \u201eSchl\u00fcssel\u201c, der den Diebstahl deiner Sattelst\u00fctze verhindert. Sch\u00fctze deine Sattelst\u00fcze einfach und effektiv mit der diebstahlsicheren Kinekt Sattelst\u00fctzen Klemme!<\/p>\n<h3>WELCHE GR\u00d6SSE BRAUCHE ICH?<\/h3>\n<p>Wenn Du deine Diebstahlsichere Sattelst\u00fctzen Klemme f\u00fcr Dein Fahrrad ausw\u00e4hlst, messe bitte unbedingt den Aussendurchmesser des Sitzrohrs Deines Rahmens, um sicherzustellen, dass die Gr\u00f6ssen passen. Der Anti-Diebstahl Klemmring ersetzt die Sattelklemme Deines Velos.<br \/>\nWir haben festgestellt, dass einige Sattelst\u00fctzenrohre an Fahrradrahmen gr\u00f6sser waren als unsere 34.9mm Klemme. Wir arbeiten an einer gr\u00f6sseren Gr\u00f6sse, um dieses Problem zu l\u00f6sen.<\/p>\n<ul>\n<li><strong>Die 28.6mm Gr\u00f6sse<\/strong> passt f\u00fcr Sitzrohrgr\u00f6ssen bis zu 29.6mm. <em>meist wird sie f\u00fcr eine 27.2mm Sattelst\u00fctze verwendet.<\/em><\/li>\n<li><strong>Die 31.8mm Gr\u00f6sse<\/strong> passt f\u00fcr Sitzrohrgr\u00f6ssen bis zu 32.8mm. <em>meist wird sie f\u00fcr eine 30.9mm Sattelst\u00fctze verwendet.<\/em><\/li>\n<li><strong>Die 34.9mm Gr\u00f6sse<\/strong> passt f\u00fcr Sitzrohrgr\u00f6ssen bis zu 35.9mm. <em>meist wird sie f\u00fcr eine 31.6mm Sattelst\u00fctze verwendet.<\/em><\/li>\n<\/ul>\n","protected":false},"excerpt":{"rendered":"<h2>Diebstahlsichere Sattelst\u00fctzen Klemme<\/h2>\n<p>Die Sattelst\u00fctzen-Sicherheitsklemme verwendet einen spezial \u201eSchl\u00fcssel\u201c, der den Diebstahl einer Sattelst\u00fctze verhindert. Sch\u00fctzen Sie Ihre Kinekt-Sattelst\u00fctze vor Diebstahl! Leicht und langlebig. Hergestellt aus hochwertigem 6061-Aluminium.<\/p>\n<p><strong>Geniesse deine Fahrten, sorgenfrei!<\/strong><br \/>\nErh\u00e4ltlich in 3 Gr\u00f6ssen mit spezial \u201eSchl\u00fcssel\u201c, der den Diebstahl deiner Sattelst\u00fctze verhindert. Sch\u00fctze deine Sattelst\u00fcze einfach und effektiv mit der diebstahlsicheren Kinekt Sattelst\u00fctzen Klemme!<\/p>\n<ul>\n<li>Der Anti-Diebstahl Klemmring ersetzt die Sattelklemme Deines Velos.<\/li>\n<li>Verwendet einen spezial \u201eSchl\u00fcssel\u201c, der den Diebstahl Deiner Sattelst\u00fctze verhindert.<\/li>\n<li>Leicht und langlebig<\/li>\n<li>Material: Hergestellt aus hochwertigem 6061-Aluminium<\/li>\n<li>Farbe: Schwarz<\/li>\n<\/ul>\n<p><strong>HINWEIS:<br \/>\nWir empfehlen den Aussendurchmesser des Sitzrohrs deines Rahmens zu messen, um sicherzustellen, dass die Gr\u00f6ssen passen<\/strong><\/p>\n","protected":false},"featured_media":3937,"comment_status":"open","ping_status":"closed","template":"","meta":[],"product_brand":[],"product_cat":[289,32],"product_tag":[403,402],"class_list":{"0":"post-3950","1":"product","2":"type-product","3":"status-publish","4":"has-post-thumbnail","6":"product_cat-cirrus-cycles-de","7":"product_cat-kinekt-zubehoer","8":"product_tag-diebstahlsichere-sattelstutzen-klemme","9":"product_tag-kinekt-anti-diebstahl-klemmring","10":"product_shipping_class-brief-bis-100g","12":"first","13":"instock","14":"purchasable","15":"product-type-variable"},"_links":{"self":[{"href":"https:\/\/shop.bikeshore.com\/de\/wp-json\/wp\/v2\/product\/3950","targetHints":{"allow":["GET"]}}],"collection":[{"href":"https:\/\/shop.bikeshore.com\/de\/wp-json\/wp\/v2\/product"}],"about":[{"href":"https:\/\/shop.bikeshore.com\/de\/wp-json\/wp\/v2\/types\/product"}],"replies":[{"embeddable":true,"href":"https:\/\/shop.bikeshore.com\/de\/wp-json\/wp\/v2\/comments?post=3950"}],"wp:featuredmedia":[{"embeddable":true,"href":"https:\/\/shop.bikeshore.com\/de\/wp-json\/wp\/v2\/media\/3937"}],"wp:attachment":[{"href":"https:\/\/shop.bikeshore.com\/de\/wp-json\/wp\/v2\/media?parent=3950"}],"wp:term":[{"taxonomy":"product_brand","embeddable":true,"href":"https:\/\/shop.bikeshore.com\/de\/wp-json\/wp\/v2\/product_brand?post=3950"},{"taxonomy":"product_cat","embeddable":true,"href":"https:\/\/shop.bikeshore.com\/de\/wp-json\/wp\/v2\/product_cat?post=3950"},{"taxonomy":"product_tag","embeddable":true,"href":"https:\/\/shop.bikeshore.com\/de\/wp-json\/wp\/v2\/product_tag?post=3950"}],"curies":[{"name":"wp","href":"https:\/\/api.w.org\/{rel}","templated":true}]}}