{"id":3040,"date":"2021-05-15T16:45:41","date_gmt":"2021-05-15T14:48:09","guid":{"rendered":"https:\/\/shop.bikeshore.com\/?post_type=product&#038;p=3040"},"modified":"2025-08-04T22:53:43","modified_gmt":"2025-08-04T20:53:43","slug":"neu-performance-damper-kit-kinekt-gefederter-vorbau","status":"publish","type":"product","link":"https:\/\/shop.bikeshore.com\/de\/produkt\/cirrus-cycles-de\/neu-performance-damper-kit-kinekt-gefederter-vorbau\/","title":{"rendered":"Neu Performance Damper Kit &#8211; Kinekt gefederter Vorbau"},"content":{"rendered":"<h2>Cirrus Cycles gefederter Kinekt Vorbau Performance Damper Kit<\/h2>\n<p>Dieses Leistungs Performance Upgrade wurde entwickelt, um das Gef\u00fchl Deines gefederten Kinekt Vorbau so zu optimieren, dass er fester und weniger aktiv ist, straff vergleichbar mit einem Sportfahrwerk. Die Federrate wird aufgrund des Widerstands des Elastomers effektiv erh\u00f6ht. Das System arbeitet, indem sowohl das St\u00fctzelastomer als auch das &#8220;Bottom Out&#8221; Elastomer \u00fcber den gesamten Federungsbereich in Eingriff gebracht werden.<\/p>\n<ul>\n<li>Kinekt gefederter Vorbau Performance Damper Kit<\/li>\n<li>Kann zu jedem gefederten Kinekt Vorbau hinzugef\u00fcgt werden<\/li>\n<li>Bietet eine Straffere Fahrt f\u00fcr diejenigen Performance-Fahrer, die das Gef\u00fchl eines steiferen Vorbaus w\u00fcnschen und gleichzeitig die Vorteile eines Federungsvorbaus beibehalten m\u00f6chten.<\/Li>\n<li>Funktioniert mit allen Kinekt Vorbau Federraten<\/li>\n<\/ul>\n","protected":false},"excerpt":{"rendered":"<p>Das Performance Damper Kit kann zu jedem gefederten Kinekt Vorbau hinzugef\u00fcgt werden, um den Fahrern, die das Gef\u00fchl eines steiferen Vorbaus bei gleichzeitiger Beibehaltung der Vorteile eines gefederten Vorbau w\u00fcnschen, ein festeres Fahrgef\u00fchl zu bieten. Der Performace D\u00e4mpfer Kit funktioniert mit allen Kinekt Vorbau Federraten<\/p>\n","protected":false},"featured_media":3045,"comment_status":"open","ping_status":"closed","template":"","meta":[],"product_brand":[],"product_cat":[289,32],"product_tag":[351,183,352],"class_list":{"0":"post-3040","1":"product","2":"type-product","3":"status-publish","4":"has-post-thumbnail","6":"product_cat-cirrus-cycles-de","7":"product_cat-kinekt-zubehoer","8":"product_tag-gefederter-vorbau","9":"product_tag-kinekt","10":"product_tag-performance-de","11":"product_shipping_class-brief-bis-100g","13":"first","14":"instock","15":"purchasable","16":"product-type-simple"},"_links":{"self":[{"href":"https:\/\/shop.bikeshore.com\/de\/wp-json\/wp\/v2\/product\/3040","targetHints":{"allow":["GET"]}}],"collection":[{"href":"https:\/\/shop.bikeshore.com\/de\/wp-json\/wp\/v2\/product"}],"about":[{"href":"https:\/\/shop.bikeshore.com\/de\/wp-json\/wp\/v2\/types\/product"}],"replies":[{"embeddable":true,"href":"https:\/\/shop.bikeshore.com\/de\/wp-json\/wp\/v2\/comments?post=3040"}],"wp:featuredmedia":[{"embeddable":true,"href":"https:\/\/shop.bikeshore.com\/de\/wp-json\/wp\/v2\/media\/3045"}],"wp:attachment":[{"href":"https:\/\/shop.bikeshore.com\/de\/wp-json\/wp\/v2\/media?parent=3040"}],"wp:term":[{"taxonomy":"product_brand","embeddable":true,"href":"https:\/\/shop.bikeshore.com\/de\/wp-json\/wp\/v2\/product_brand?post=3040"},{"taxonomy":"product_cat","embeddable":true,"href":"https:\/\/shop.bikeshore.com\/de\/wp-json\/wp\/v2\/product_cat?post=3040"},{"taxonomy":"product_tag","embeddable":true,"href":"https:\/\/shop.bikeshore.com\/de\/wp-json\/wp\/v2\/product_tag?post=3040"}],"curies":[{"name":"wp","href":"https:\/\/api.w.org\/{rel}","templated":true}]}}