{"id":2960,"date":"2021-02-25T01:15:51","date_gmt":"2021-02-25T00:15:51","guid":{"rendered":"https:\/\/shop.bikeshore.com\/?post_type=product&#038;p=2960"},"modified":"2026-04-14T08:16:34","modified_gmt":"2026-04-14T06:16:34","slug":"kinekt-komplettes-wiederherstellung-kit","status":"publish","type":"product","link":"https:\/\/shop.bikeshore.com\/de\/produkt\/cirrus-cycles-de\/kinekt-komplettes-wiederherstellung-kit\/","title":{"rendered":"Kinekt Sattelst\u00fctze Komplettes Wiederherstellung Kit"},"content":{"rendered":"<h2>Komplettes Wiederherstellung Kit<\/h2>\n<p>Zus\u00e4tzlich zu den neuen Federn bieten wir alle Teile f\u00fcr unsere gefederten Kinekt Sattelst\u00fctzen f\u00fcr Schrauben und abgenutzte Buchsen an, damit deine Kinekt Sattelst\u00fctze ein Leben lang h\u00e4lt.<\/p>\n<p>Das Kinekt Komplettes Wiederherstellung Kit ist jetzt f\u00fcr die regul\u00e4ren Kinket XR, LR und die fr\u00fcheren Versionen 2.1, Kinekt 3.1 und XL2 Sattelst\u00fctzen verf\u00fcgbar.<\/p>\n<p><em>Bitte beachten Sie, dass Sie das richtige Wiedewrherstellung Kit ausw\u00e4hlen m\u00fcssen. Wenn Sie ein Wiederherstellungs-Kit f\u00fcr die \u00e4lteren 2.1- oder eine LR-Kinekt Sattelst\u00fctze brauchen, w\u00e4hlen Sie das LR Wiederherstellung-Kit. Wenn Sie eine XL2- oder eine XR-Kinekt Sattelst\u00fctze brauchen, w\u00e4hlen Sie das XR Wiederherstellungs-Kit.<\/em><\/p>\n","protected":false},"excerpt":{"rendered":"<p>Beinhalted:<\/p>\n<ul>\n<li>B\u00fcchsen (9)<\/li>\n<li>Vorspannschraube Kit (1)<\/li>\n<li>Obere Federf\u00fchrung (1)<\/li>\n<li>Obere Federf\u00fchrungsbuchse (1)<\/li>\n<li>0.375&#8243; Durchschlags Elastomer (1)<\/li>\n<\/ul>\n<p><p>Das Kinekt Komplette Wiederherstellungs-Kit ist jetzt f\u00fcr die regul\u00e4ren Kinket XR, LR und die fr\u00fcheren Versionen 2.1, Kinekt 3.1 und XL2 Sattelst\u00fctzen verf\u00fcgbar.<\/p>\n<p><em>Bitte beachten Sie, dass Sie das richtige Wiedewrherstellungs Kit ausw\u00e4hlen m\u00fcssen. Wenn Sie ein Wiederherstellungs-Kit f\u00fcr die \u00e4lteren 2.1- oder eine LR-Kinekt Sattelst\u00fctze brauchen, w\u00e4hlen Sie das LR Wiederherstellung-Kit. Wenn Sie eine XL2- oder eine XR-Kinekt Sattelst\u00fctze brauchen, w\u00e4hlen Sie das XR Wiederherstellungs-Kit.<\/em><\/p>\n","protected":false},"featured_media":4113,"comment_status":"open","ping_status":"closed","template":"","meta":[],"product_brand":[],"product_cat":[289,286,379],"product_tag":[348,183],"class_list":{"0":"post-2960","1":"product","2":"type-product","3":"status-publish","4":"has-post-thumbnail","6":"product_cat-cirrus-cycles-de","7":"product_cat-kinekt-gefederte-sattelstutze","8":"product_cat-tools-ersatzteile","9":"product_tag-ersatzteile","10":"product_tag-kinekt","11":"product_shipping_class-brief-bis-100g","13":"first","14":"instock","15":"purchasable","16":"product-type-variable"},"_links":{"self":[{"href":"https:\/\/shop.bikeshore.com\/de\/wp-json\/wp\/v2\/product\/2960","targetHints":{"allow":["GET"]}}],"collection":[{"href":"https:\/\/shop.bikeshore.com\/de\/wp-json\/wp\/v2\/product"}],"about":[{"href":"https:\/\/shop.bikeshore.com\/de\/wp-json\/wp\/v2\/types\/product"}],"replies":[{"embeddable":true,"href":"https:\/\/shop.bikeshore.com\/de\/wp-json\/wp\/v2\/comments?post=2960"}],"wp:featuredmedia":[{"embeddable":true,"href":"https:\/\/shop.bikeshore.com\/de\/wp-json\/wp\/v2\/media\/4113"}],"wp:attachment":[{"href":"https:\/\/shop.bikeshore.com\/de\/wp-json\/wp\/v2\/media?parent=2960"}],"wp:term":[{"taxonomy":"product_brand","embeddable":true,"href":"https:\/\/shop.bikeshore.com\/de\/wp-json\/wp\/v2\/product_brand?post=2960"},{"taxonomy":"product_cat","embeddable":true,"href":"https:\/\/shop.bikeshore.com\/de\/wp-json\/wp\/v2\/product_cat?post=2960"},{"taxonomy":"product_tag","embeddable":true,"href":"https:\/\/shop.bikeshore.com\/de\/wp-json\/wp\/v2\/product_tag?post=2960"}],"curies":[{"name":"wp","href":"https:\/\/api.w.org\/{rel}","templated":true}]}}