{"id":2954,"date":"2021-02-23T01:13:46","date_gmt":"2021-02-23T00:13:46","guid":{"rendered":"https:\/\/shop.bikeshore.com\/?post_type=product&#038;p=2954"},"modified":"2025-10-06T01:08:41","modified_gmt":"2025-10-05T23:08:41","slug":"kinekt-ersatz-buchsen","status":"publish","type":"product","link":"https:\/\/shop.bikeshore.com\/de\/produkt\/cirrus-cycles-de\/kinekt-ersatz-buchsen\/","title":{"rendered":"Kinekt Ersatz Buchsen f\u00fcr besten Fahrkomfort"},"content":{"rendered":"<h2>Ersatz Buchsen<\/h2>\n<p><strong>Wie Neu &#8211; Halte den Fahrkomfort hoch<\/strong><\/p>\n<p><em>F\u00fcr h\u00f6chsten Fahrkomfort<\/em><\/p>\n<p>Mit neuen Original-Kinekt-Buchsen holst du das Beste aus Deiner gefederten Sattelst\u00fctze heraus: optimale D\u00e4mpfung, weniger Vibrationen und sp\u00fcrbar mehr Komfort \u2013 genau das, wof\u00fcr Du dich beim Kauf entschieden hattest.<\/p>\n<p><strong>Sanfte Federung wiederherstellen<\/strong><br \/>\np<>Abgenutzte Buchsen k\u00f6nnen dazu f\u00fchren, dass sich die Sattelst\u00fctze schwerg\u00e4ngig, locker oder unruhig anf\u00fchlt. Neue Buchsen stellen das urspr\u00fcngliche, gleichm\u00e4ssige Federungsverhalten wieder her.<\/p>\n<p><strong>Lebensdauer der Sattelst\u00fctze verl\u00e4ngern<\/strong><\/p>\n<p>Der rechtzeitige Austausch der Buchsen, bevor sie vollst\u00e4ndig verschlissen sind, verhindert erh\u00f6hten Verschleiss an den beweglichen Teilen der Sattelst\u00fctze. Das ist einfacher und kosteng\u00fcnstiger als ein kompletter Austausch der St\u00fctze.<\/p>\n<blockquote><p>Kurzum: Die Original Kinekt Ersatzbuchsen halten Deine Feder Sattelst\u00fctze in Topform.<\/p><\/blockquote>\n<blockquote><p>KINEKT kann auf jedem von deinen Velo eingesetzt werden, egal was f\u00fcr eines du gerade f\u00e4hrst.<\/p><\/blockquote>\n<p>Lieferumfang: 9 Kinekt-Buchsen.<\/p>\n","protected":false},"excerpt":{"rendered":"<p><strong>Mehr Komfort. Weniger Vibration.<\/strong><\/p>\n<p>Wie Neu &#8211; Halte den Fahrkomfort hoch!<br \/>\nFrische Original-Kinekt-Buchsen sorgen daf\u00fcr, dass Deine Kinekt Sattelst\u00fctze wieder wie am ersten Tag arbeitet \u2013 mit maximaler Stossd\u00e4mpfung und sp\u00fcrbar ruhigerem Fahrgef\u00fchl.<\/p>\n<p><em>Ganz einfach: Mit neuen Original Buchsen f\u00e4hrt sich Deine Feder Sattelst\u00fctze besser, l\u00e4nger und komfortabler.<\/em><\/p>\n<p>Lieferumfang: 9 Kinekt-Buchsen.<\/p>\n","protected":false},"featured_media":2948,"comment_status":"open","ping_status":"closed","template":"","meta":[],"product_brand":[444],"product_cat":[289,379],"product_tag":[348],"class_list":{"0":"post-2954","1":"product","2":"type-product","3":"status-publish","4":"has-post-thumbnail","6":"product_brand-cirrus-cycles","7":"product_cat-cirrus-cycles-de","8":"product_cat-tools-ersatzteile","9":"product_tag-ersatzteile","10":"product_shipping_class-brief-bis-100g","12":"first","13":"instock","14":"purchasable","15":"product-type-simple"},"_links":{"self":[{"href":"https:\/\/shop.bikeshore.com\/de\/wp-json\/wp\/v2\/product\/2954","targetHints":{"allow":["GET"]}}],"collection":[{"href":"https:\/\/shop.bikeshore.com\/de\/wp-json\/wp\/v2\/product"}],"about":[{"href":"https:\/\/shop.bikeshore.com\/de\/wp-json\/wp\/v2\/types\/product"}],"replies":[{"embeddable":true,"href":"https:\/\/shop.bikeshore.com\/de\/wp-json\/wp\/v2\/comments?post=2954"}],"wp:featuredmedia":[{"embeddable":true,"href":"https:\/\/shop.bikeshore.com\/de\/wp-json\/wp\/v2\/media\/2948"}],"wp:attachment":[{"href":"https:\/\/shop.bikeshore.com\/de\/wp-json\/wp\/v2\/media?parent=2954"}],"wp:term":[{"taxonomy":"product_brand","embeddable":true,"href":"https:\/\/shop.bikeshore.com\/de\/wp-json\/wp\/v2\/product_brand?post=2954"},{"taxonomy":"product_cat","embeddable":true,"href":"https:\/\/shop.bikeshore.com\/de\/wp-json\/wp\/v2\/product_cat?post=2954"},{"taxonomy":"product_tag","embeddable":true,"href":"https:\/\/shop.bikeshore.com\/de\/wp-json\/wp\/v2\/product_tag?post=2954"}],"curies":[{"name":"wp","href":"https:\/\/api.w.org\/{rel}","templated":true}]}}