{"id":2925,"date":"2020-12-17T01:16:10","date_gmt":"2020-12-17T00:16:10","guid":{"rendered":"https:\/\/shop.bikeshore.com\/?post_type=product&#038;p=2925"},"modified":"2026-03-12T20:51:01","modified_gmt":"2026-03-12T19:51:01","slug":"neue-kinekt-satteltasche","status":"publish","type":"product","link":"https:\/\/shop.bikeshore.com\/de\/produkt\/cirrus-cycles-de\/neue-kinekt-satteltasche\/","title":{"rendered":"Neue Kinekt Satteltasche"},"content":{"rendered":"<h3>Die Neue Kinekt Satteltasche ist nun verf\u00fcgbar! Speziell f\u00fcr alle gefederten Kinekt Sattelst\u00fctzen Modelle entwickelt.<\/h3>\n<p>Mit der Kinekt Satteltasche kannst du nicht nur dein Werkzeug, Schlauch, Flickzeug, Smartphone usw. einfach verstauen und immer zur Hand haben sondern deine Kinekt Sattelst\u00fctze wird auch vor allzu neugierigen Blicken gesch\u00fctzt und tr\u00e4gt somit auch zum Diebstahlschutz bei..<\/p>\n<p>Spezifikationen: <\/p>\n<ul>\n<li>600D Stofflaminat f\u00fcr eine robuste, wasserdichte Tasche.<\/Li>\n<li>YKK wasserdichte Rei\u00dfverschl\u00fcsse.<\/Li>\n<li>Leicht zu \u00f6ffnende Dual-Zip-R\u00fcckseite. Erm\u00f6glicht einen einfachen Zugriff, ohne dass Dinge herausfallen.<\/Li>\n<li>Schneller Zugriff auf Werkzeuge, Schl\u00e4uche oder Mantel.<\/Li>\n<li>Au\u00dfentaschen f\u00fcr Handy oder Bargeld.<\/Li>\n<li>Reflektierendes Material, damit Sie gesehen werden!<\/Li>\n<li>Nur schwarz.<\/Li>\n<li>Gr\u00f6\u00dfe 21,6 x 14 cm (8,5 &#8220;x 5,5&#8221;) Viel Nutzfl\u00e4che.<\/Li>\n<\/ul>\n<p><img decoding=\"async\" src=\"https:\/\/shop.bikeshore.com\/wp-content\/uploads\/2020\/12\/Kinekt-Saddle-Bag-Side-on-Propella-Bike-.jpeg\" alt=\"Kinekt Satteltasche auf einem Propella Bike\"\/><br \/>\n<em>Vielen Dank an <a href=\"https:\/\/www.propella.bike\/parts-accessories\" title=\"Propella Bike\" target=\"_blank\" rel=\"noopener\">Propella Bike<\/a> f\u00fcr die zur Verf\u00fcgungstellung der Bilder!<\/em><\/p>\n","protected":false},"excerpt":{"rendered":"<h3>Die Neue Kinekt Satteltasche ist nun verf\u00fcgbar! Speziell f\u00fcr alle gefederten Kinekt Sattelst\u00fctzen Modelle entwickelt.<\/h3>\n<p>Mit der Kinekt Satteltasche kannst du nicht nur dein Werkzeug, Schlauch, Flickzeug, Smartphone usw. einfach verstauen und immer zur Hand haben sondern deine Kinekt Sattelst\u00fctze wird auch vor allzu neugierigen Blicken gesch\u00fctzt und tr\u00e4gt somit auch zum Diebstahlschutz bei..<\/p>\n","protected":false},"featured_media":2905,"comment_status":"open","ping_status":"closed","template":"","meta":[],"product_brand":[],"product_cat":[289,32],"product_tag":[183],"class_list":{"0":"post-2925","1":"product","2":"type-product","3":"status-publish","4":"has-post-thumbnail","6":"product_cat-cirrus-cycles-de","7":"product_cat-kinekt-zubehoer","8":"product_tag-kinekt","9":"product_shipping_class-kleines-paket-bis-500g","11":"first","12":"instock","13":"purchasable","14":"product-type-simple"},"_links":{"self":[{"href":"https:\/\/shop.bikeshore.com\/de\/wp-json\/wp\/v2\/product\/2925","targetHints":{"allow":["GET"]}}],"collection":[{"href":"https:\/\/shop.bikeshore.com\/de\/wp-json\/wp\/v2\/product"}],"about":[{"href":"https:\/\/shop.bikeshore.com\/de\/wp-json\/wp\/v2\/types\/product"}],"replies":[{"embeddable":true,"href":"https:\/\/shop.bikeshore.com\/de\/wp-json\/wp\/v2\/comments?post=2925"}],"wp:featuredmedia":[{"embeddable":true,"href":"https:\/\/shop.bikeshore.com\/de\/wp-json\/wp\/v2\/media\/2905"}],"wp:attachment":[{"href":"https:\/\/shop.bikeshore.com\/de\/wp-json\/wp\/v2\/media?parent=2925"}],"wp:term":[{"taxonomy":"product_brand","embeddable":true,"href":"https:\/\/shop.bikeshore.com\/de\/wp-json\/wp\/v2\/product_brand?post=2925"},{"taxonomy":"product_cat","embeddable":true,"href":"https:\/\/shop.bikeshore.com\/de\/wp-json\/wp\/v2\/product_cat?post=2925"},{"taxonomy":"product_tag","embeddable":true,"href":"https:\/\/shop.bikeshore.com\/de\/wp-json\/wp\/v2\/product_tag?post=2925"}],"curies":[{"name":"wp","href":"https:\/\/api.w.org\/{rel}","templated":true}]}}