{"id":1741,"date":"2018-09-30T23:19:27","date_gmt":"2018-09-30T21:19:27","guid":{"rendered":"https:\/\/shop.bikeshore.com\/?post_type=product&#038;p=1741"},"modified":"2020-10-04T13:03:42","modified_gmt":"2020-10-04T11:03:42","slug":"redshift-sports-dual-position-seatpost","status":"publish","type":"product","link":"https:\/\/shop.bikeshore.com\/de\/produkt\/sattelstuetzen\/redshift-sports-dual-position-seatpost\/","title":{"rendered":"Redshift Sports Dual Position Sattelst\u00fctze"},"content":{"rendered":"<p>RedShift Sports Dual Position Sattelst\u00fctze erm\u00f6glicht es Dir, auf einem normalen Rennrad eine echte Aero-Position zu fahren, ohne dabei auf Deine normale Rennradposition verzichten zu m\u00fcssen.<\/p>\n<p>Der Schl\u00fcssel zum kraftvollen und komfortablen Fahren mit Aerobars ist die richtige Sattelposition. Die vordere Position der Sattelst\u00fctze mit zwei Positionen erm\u00f6glicht es Dir, mit der richtigen Aero-Bike-Passform auf einem normalen Rennrad zu fahren, sodass Du schneller und bequemer fahren kannst.<\/p>\n<p>Weil Dub w\u00e4hrend der Fahrt spontan zwischen Stra\u00dfen- und Aero-Positionen wechseln kannst, kannst Du immer die beste Fahrposition f\u00fcr jeden Teil Deiner Fahrt w\u00e4hlen.<\/p>\n<h3>Redshift Sports Dual Position Sattelst\u00fctze<\/h3>\n<ul>\n<li>Das Dual Position Design erm\u00f6glicht es Dir, w\u00e4hrend der Fahrt nahtlos zwischen Stra\u00dfen- und Aero-Positionen zu wechseln.<\/li>\n<li>W\u00e4hlen Sie die beste Position f\u00fcr jeden einzelnen Aufstieg, Wohnung oder Abstieg.<\/li>\n<li>Die RedShift Sports Dual Position Sattelst\u00fctze sorgt f\u00fcr eine korrekte Beinstreckung sowohl in der Stra\u00dfen- als auch in der Aeroposition.\n<li>Der Sattel bewegt sich um 50 mm nach vorne, was ungef\u00e4hr 4 Grad der effektiven \u00c4nderung des Sitzrohrwinkels entspricht.<\/li>\n<li>Aero Fahrposition optimiert f\u00fcr die richtige Handhabung auf einem Rennrad.<\/li>\n<li>Einfache, starke Sattelklemme mit zwei Schrauben erm\u00f6glicht eine stufenlose Einstellung der Sattelneigung und eine zuverl\u00e4ssige Klemmung.<\/li>\n<li>16mm R\u00fcckw\u00e4rtsabsenkung (Stra\u00dfenlage).<\/li>\n<li>Legal f\u00fcr alle Ironman und USAT Non-Drafting Triathlons (die \u00fcberwiegende Mehrheit der Amateur Triathlons weltweit).<\/li>\n<\/ul>\n","protected":false},"excerpt":{"rendered":"<p>Redshift Sports Dual Position Sattelst\u00fctze<\/p>\n<h2>Verwandeln Sie Ihr Rennrad schnell und einfach in ein Triathlon Rad<\/h2>\n<p>Mit der RedShift Sports Dual Position Sattelst\u00fctze kannst du dein Fahrrad w\u00e4hrend der Fahrt an die Bedingungen anpassen, denen du begegnest. Klettere bequem in der Rennradposition und fliege durch die Ebenen in der Aeroposition.<br \/>Das zum Patent angemeldete Design h\u00e4lt den Abstand zwischen Sattel und Pedal in beiden Positionen konstant und sorgt f\u00fcr eine korrekte Beinverl\u00e4ngerung in Stra\u00dfe und Aero. Sie k\u00f6nnen auch bis zu 5 Grad zus\u00e4tzliche Vorw\u00e4rtsneigung in der Aeroposition gegen\u00fcber der Rennradposition einstellen.<\/p>\n","protected":false},"featured_media":1719,"comment_status":"open","ping_status":"closed","template":"","meta":[],"product_brand":[],"product_cat":[29,263],"product_tag":[211,182],"class_list":{"0":"post-1741","1":"product","2":"type-product","3":"status-publish","4":"has-post-thumbnail","6":"product_cat-sattelstuetzen","7":"product_cat-switch-aero-system","8":"product_tag-redshift","9":"product_tag-sattelstutze","10":"product_shipping_class-bodyfloat-kinekt-de","12":"first","13":"instock","14":"purchasable","15":"product-type-variable"},"_links":{"self":[{"href":"https:\/\/shop.bikeshore.com\/de\/wp-json\/wp\/v2\/product\/1741","targetHints":{"allow":["GET"]}}],"collection":[{"href":"https:\/\/shop.bikeshore.com\/de\/wp-json\/wp\/v2\/product"}],"about":[{"href":"https:\/\/shop.bikeshore.com\/de\/wp-json\/wp\/v2\/types\/product"}],"replies":[{"embeddable":true,"href":"https:\/\/shop.bikeshore.com\/de\/wp-json\/wp\/v2\/comments?post=1741"}],"wp:featuredmedia":[{"embeddable":true,"href":"https:\/\/shop.bikeshore.com\/de\/wp-json\/wp\/v2\/media\/1719"}],"wp:attachment":[{"href":"https:\/\/shop.bikeshore.com\/de\/wp-json\/wp\/v2\/media?parent=1741"}],"wp:term":[{"taxonomy":"product_brand","embeddable":true,"href":"https:\/\/shop.bikeshore.com\/de\/wp-json\/wp\/v2\/product_brand?post=1741"},{"taxonomy":"product_cat","embeddable":true,"href":"https:\/\/shop.bikeshore.com\/de\/wp-json\/wp\/v2\/product_cat?post=1741"},{"taxonomy":"product_tag","embeddable":true,"href":"https:\/\/shop.bikeshore.com\/de\/wp-json\/wp\/v2\/product_tag?post=1741"}],"curies":[{"name":"wp","href":"https:\/\/api.w.org\/{rel}","templated":true}]}}