{"id":1519,"date":"2018-03-03T01:25:09","date_gmt":"2018-03-03T00:28:26","guid":{"rendered":"https:\/\/shop.bikeshore.com\/?post_type=product&#038;p=1519"},"modified":"2026-03-12T20:51:02","modified_gmt":"2026-03-12T19:51:02","slug":"kinekt-karbon-sattelstuetze","status":"publish","type":"product","link":"https:\/\/shop.bikeshore.com\/de\/produkt\/cirrus-cycles-de\/kinekt-karbon-sattelstuetze\/","title":{"rendered":"Kinekt Karbon gefederte Sattelst\u00fctze"},"content":{"rendered":"<h2>Was ist neu an der Kinekt Karbon gefederten Sattelst\u00fctze?<\/h2>\n<ul>\n<li>Ein schlankeres Design der seitlichen Verbindungsstreben<\/li>\n<li>Sattelklemme mit intergrierter Feder, um den Sattelaustausch zu erleichtern<\/li>\n<li>12mm Versatz anstelle von 25mm f\u00fcr mehr Positionierungsoptionen f\u00fcr vorne \/ hinten<\/li>\n<\/ul>\n<p>Die Kinekt 3.1 Karbon gefederte Sattelst\u00fctze ist ein einfaches auf der Sattelst\u00fctze basierendes Isolierungssystem, das entwickelt wurde, um Ihnen ein m\u00f6glichst komfortables und effizientes Fahrerlebnis zu bieten &#8230; f\u00fcr jeden Fahrer auf jedem Fahrrad. Die Kinekt Post verbindet Komfort mit Leistung &#8230; und das durch Optimierung von beiden!<\/p>\n<p>Die Kinekt 3.1 Technologie ist mit einer leichten Karbon St\u00fctze erh\u00e4ltlich! Die gefederte Kinekt Karbon Sattelst\u00fctze ist in verschiedenen L\u00e4ngen und Gr\u00f6\u00dfen erh\u00e4ltlich.<\/p>\n<p>Effektive Isolierung von Vibrationen, St\u00f6\u00dfen und K\u00f6rperbewegungen bietet mehr Komfort und weniger Erm\u00fcdung. Mit der Kinekt 3.1 Karbon St\u00fctze k\u00f6nnen Sie dank verbesserter Traktion und besserer Kontrolle im Gel\u00e4nde l\u00e4nger im Sattel bleiben. Stabile Verbindungen optimieren den Komfort und die Leistung und verbessern das Fahrerlebnis.<\/p>\n<h2>Kinekt 3.1 Karbon &#8211; Erleben Sie eine erstaunliche neue Art des Velo fahren!<\/h2>\n<p>Im Video siehst du wie perfekt dich die Kinekt gefederte Sattelst\u00fctze mit deinem Velo verbindet \u2013 Die gefederte Kinekt Isolation Sattelst\u00fctze verbindet \u2013 Jeden Fahrer \u2013 Jedes Bike \u2013 Jedes Terrain \u2013 Effektive Isolierung von Vibrationen und St\u00f6\u00dfen bietet mehr Komfort und weniger Erm\u00fcdung. Dank der gefederten Kinekt Sattelst\u00fctze kannst du in deinem Sattel \u00fcber jedes Gel\u00e4nde mit verbesserter Traktion fahren<\/p>\n<p><a href=\"https:\/\/shop.bikeshore.com\/wp-content\/uploads\/2018\/04\/BodyFloat-Kinekt-Seat-Post-Video-BikeShore-1280x720.mp4\" target=\"_blank\" rel=\"noopener noreferrer\"> Kinect gefederte Sattelst\u00fctze &#8211; ANY BODY ANY BIKE ANY SURFACE<\/a><\/p>\n<p><a href=\"https:\/\/bikeshore.com\/wp-content\/uploads\/2017\/04\/BikeShore-CirrusCycles-BodyFloat-vs.....-.mp4\" target=\"_blank\" rel=\"noopener noreferrer\"> Schau Dir unser Video an und sehe wie die BodyFloat Kinekt 3.1 gefederte Sattelst\u00fctze Deine Fahrt verbessert<\/a><\/p>\n<ul>\n<li>CNC-gefr\u00e4st aus hochfesten Aluminiumlegierungen<\/li>\n<li>Karbon St\u00fctze<\/li>\n<li>Austauschbare Federn<\/li>\n<li>Einstellbare Vorspannung<\/li>\n<li>Pfostengr\u00f6\u00dfe: 27.2mm<\/li>\n<li>L\u00e4nge: 330mm \/ 380mm<\/li>\n<li>Farbe: schwarz<\/li>\n<\/ul>\n","protected":false},"excerpt":{"rendered":"<p>Die Kinekt 3.1 Karbon gefederte Sattelst\u00fctze isoliert Ihren K\u00f6rper effektiver von Stra\u00dfen- und Trail-Vibrationen oder kleineren St\u00f6\u00dfen. Diese Isolierung verbessert Komfort, Kontrolle und Leistung durch eine bessere Verbindung zu Ihrem Velo. Sie werden eine allgemeine Abnahme von Schmerzen und M\u00fcdigkeit bemerken, so dass Sie Ihre Fahrt l\u00e4nger genie\u00dfen k\u00f6nnen!<\/p>\n<p>Kinekt 3.1 Karbon gefederte Sattelst\u00fctze auspacken, montieren und losfahren<br \/>\nW\u00e4hle einfach deinen passenden Gewichtsbereich aus den folgenden 4 Basis Konfigurationen aus.<\/p>\n<p>ul><\/p>\n<li>XS &#8211; White = 23 &#8211; 60kg<\/li>\n<li>S &#8211; Purple = 45 &#8211; 68kg<\/li>\n<li>M &#8211; Black = 65 &#8211; 95kg<\/li>\n<li>L &#8211; Orange = 82 &#8211; 118kg<\/li>\n<li>*NEU* Federnsatz mit 6 Federn = 50 \u2013 118kg<\/li>\n<\/ul>\n<p><a href=\"https:\/\/bikeshore.com\/de\/federrate-berechnen\/\" target=\"_blank\" rel=\"noopener noreferrer\">Spring Rate Calculator<\/a><\/p>\n","protected":false},"featured_media":1495,"comment_status":"open","ping_status":"closed","template":"","meta":[],"product_brand":[],"product_cat":[289,286,29],"product_tag":[164,183,182],"class_list":{"0":"post-1519","1":"product","2":"type-product","3":"status-publish","4":"has-post-thumbnail","6":"product_cat-cirrus-cycles-de","7":"product_cat-kinekt-gefederte-sattelstutze","8":"product_cat-sattelstuetzen","9":"product_tag-karbon","10":"product_tag-kinekt","11":"product_tag-sattelstutze","12":"product_shipping_class-bodyfloat-kinekt-de","13":"pa_base-spring-configurations-large-75-118kg-de","14":"pa_base-spring-configurations-lr-36-82kg-de","15":"pa_base-spring-configurations-medium-67-95kg-de","16":"pa_base-spring-configurations-set-von-6-federn-50-118kg","17":"pa_base-spring-configurations-small-45-68kg-de","18":"pa_base-spring-configurations-x-small-23-60kg-de","19":"pa_base-spring-configurations-xr-82-145kg-de","20":"pa_seatpost-27-2-x-330mm-de","21":"pa_seatpost-27-2-x-380mm-de","23":"first","24":"instock","25":"purchasable","26":"product-type-variable"},"_links":{"self":[{"href":"https:\/\/shop.bikeshore.com\/de\/wp-json\/wp\/v2\/product\/1519","targetHints":{"allow":["GET"]}}],"collection":[{"href":"https:\/\/shop.bikeshore.com\/de\/wp-json\/wp\/v2\/product"}],"about":[{"href":"https:\/\/shop.bikeshore.com\/de\/wp-json\/wp\/v2\/types\/product"}],"replies":[{"embeddable":true,"href":"https:\/\/shop.bikeshore.com\/de\/wp-json\/wp\/v2\/comments?post=1519"}],"wp:featuredmedia":[{"embeddable":true,"href":"https:\/\/shop.bikeshore.com\/de\/wp-json\/wp\/v2\/media\/1495"}],"wp:attachment":[{"href":"https:\/\/shop.bikeshore.com\/de\/wp-json\/wp\/v2\/media?parent=1519"}],"wp:term":[{"taxonomy":"product_brand","embeddable":true,"href":"https:\/\/shop.bikeshore.com\/de\/wp-json\/wp\/v2\/product_brand?post=1519"},{"taxonomy":"product_cat","embeddable":true,"href":"https:\/\/shop.bikeshore.com\/de\/wp-json\/wp\/v2\/product_cat?post=1519"},{"taxonomy":"product_tag","embeddable":true,"href":"https:\/\/shop.bikeshore.com\/de\/wp-json\/wp\/v2\/product_tag?post=1519"}],"curies":[{"name":"wp","href":"https:\/\/api.w.org\/{rel}","templated":true}]}}