{"id":1509,"date":"2018-03-02T01:30:08","date_gmt":"2018-03-02T00:30:08","guid":{"rendered":"https:\/\/shop.bikeshore.com\/?post_type=product&#038;p=1509"},"modified":"2026-04-18T08:50:48","modified_gmt":"2026-04-18T06:50:48","slug":"kinekt-gefederte-sattelstutze","status":"publish","type":"product","link":"https:\/\/shop.bikeshore.com\/de\/produkt\/sattelstuetzen\/kinekt-gefederte-sattelstutze\/","title":{"rendered":"Kinekt Aluminium gefederte Sattelst\u00fctze"},"content":{"rendered":"<h2>Warum die gefederte Sattelst\u00fctze von Kinekt ein Top-Upgrade f\u00fcr komfortorientierte Radfahrer ist<\/h2>\n<p>Ob Asphalt, Schotter, Trails oder E-Bike \u2013 die Kinekt-Federungssattelst\u00fctze wurde entwickelt, um Vibrationen zu reduzieren, die Stabilit\u00e4t zu verbessern und Dir Kilometer f\u00fcr Kilometer Komfort zu bieten.<\/p>\n<h3>Fortschrittliche Federung<\/h3>\n<p>Das Kinekt-Design nutzt ein reaktionsschnelles Spiralfedersystem, das St\u00f6sse, Vibrationen, Schlagl\u00f6cher und unebenes Gel\u00e4nde absorbiert. Das Ergebnis?<\/p>\n<ul>\n<li>Weniger Erm\u00fcdung<\/li>\n<li>Bessere Stossd\u00e4mpfung<\/li>\n<li>Reduzierte Belastung von R\u00fccken, H\u00fcfte und Gelenken<\/li>\n<li>Ein komfortableres Fahrgef\u00fchl auf unebenen Stra\u00dfen<\/li>\n<\/ul>\n<p>Dies ist eines der effektivsten Komfort-Upgrades f\u00fcr Stadtradfahrer, Gravelbiker, Tourenradfahrer f\u00fcr E-Bikefahrer und Pendler.<\/p>\n<h3>Vollst\u00e4ndig anpassbar f\u00fcr ein individuelles Fahrgef\u00fchl<\/h3>\n<p>Jede farbige Kinekt gefederte Sattelst\u00fctze verf\u00fcgt \u00fcber austauschbare Federn und einen einfach zu bedienenden Einstellknopf f\u00fcr die Federvorspannung. Fahrer k\u00f6nnen das Federungsgef\u00fchl schnell und pr\u00e4zise anpassen, basierend auf:<\/p>\n<ul>\n<li>K\u00f6rpergewicht<\/li>\n<li>Fahrstil<\/li>\n<li>Sitzposition<\/li>\n<li>Gel\u00e4ndetyp<\/li>\n<\/ul>\n<p>Diese individuell anpassbare Komfortl\u00f6sung l\u00e4sst sich jederzeit feinjustieren und garantiert optimalen Komfort, egal ob Du t\u00e4glich pendelst oder lange Wochenendtouren unternimmst.<\/p>\n<h3>Kompatibel mit nahezu jedem Fahrrad<\/h3>\n<p>Die Kinekt-Federungssattelst\u00fctze ist in verschiedenen Durchmessern und L\u00e4ngen erh\u00e4ltlich und passt auf nahezu jedes Fahrrad, darunter:<\/p>\n<ul>\n<li>Rennr\u00e4der<\/li>\n<li>Gravelbikes<\/li>\n<li>Hybrid- und Citybikes<\/li>\n<li>Lastenr\u00e4der<\/li>\n<li>E-Bikes<\/li>\n<\/ul>\n<p>Damit ist sie eine der vielseitigsten Federungssattelst\u00fctzen auf dem Markt.<\/p>\n<p>Das patentierte Design funktioniert und f\u00fchlt sich anders an als alles, was der Markt zu bieten hat. Obwohl es anderen Designs \u00e4hneln mag, vereint es unglaublichen Komfort mit effizienter H\u00f6chstleistung. Das \u201eKinekt-Design\u201c zeichnet sich durch drei spezifische Merkmale aus (siehe unten: Stufenlose Einstellm\u00f6glichkeiten, minimaler vertikaler Federweg und keine D\u00e4mpfung z.B. durch Elastomere), die ein v\u00f6llig neues Fahrgef\u00fchl erm\u00f6glichen und es von anderen Federungssystemen abheben.<\/p>\n<p>Alle anderen Federungssysteme nutzen D\u00e4mpfung (z. B. durch Elastomere, Fl\u00fcssigkeiten oder Reibung), um Resonanzen zu kontrollieren und Energie zu absorbieren und abzubauen. Da das Kinekt-Design ein \u201eunged\u00e4mpfter Mechanismus\u201c ist, kann es als einziges System den Fahrer wirklich von der st\u00e4ndigen Vibrationsenergie isolieren. Es nutzt die unglaubliche F\u00e4higkeit des menschlichen K\u00f6rpers, sich selbst zu d\u00e4mpfen, und ist damit das kontrollierbarste, effektivste und effizienteste D\u00e4mpfungssystem, das je entwickelt wurde. Das Isolation-Design nutzt den K\u00f6rper als perfektes System aus Gelenken, Muskeln und Fl\u00fcssigkeiten optimal aus und wird so zu einem integralen Bestandteil der Komfort- und Leistungsl\u00f6sung.<\/p>\n<p>Das Kinekt-Design ist ein einfaches, auf der Sattelst\u00fctze basierendes Isolationssystem, das Ihnen ein maximal komfortables und effizientes Fahrerlebnis bietet \u2013 f\u00fcr jeden Fahrer und jedes Fahrrad. Das Kinekt-Design vereint Komfort und Leistung und optimiert beides!<\/p>\n<p>Die patentierte Technologie ist jetzt auch als preisg\u00fcnstige Aluminium, gefederte Sattelst\u00fctze erh\u00e4ltlich! Derselbe patentierte Mechanismus wie beim Carbon-Modell isoliert Dich zuverl\u00e4ssig vor St\u00f6ssen und Vibrationen. Erh\u00e4ltlich in verschiedenen L\u00e4ngen und Gr\u00f6ssen.<\/p>\n<p>Die effektive Isolation von Vibrationen, St\u00f6ssen und K\u00f6rperbewegungen sorgt f\u00fcr mehr Komfort und weniger Erm\u00fcdung. Du kannst l\u00e4nger im Sattel bleiben und profitierst von verbesserter Traktion und besserer Kontrolle. Stabile Verbindungen optimieren Komfort und Leistung und verbessern Dein Fahrerlebnis.<\/p>\n<h2>Kinekt die gefederte Sattelst\u00fctze bietet Komfort- und Performance \u2013 Erlebe ein fantastisches Fahrgef\u00fchl!<\/h2>\n<p><a href=\"https:\/\/shop.bikeshore.com\/wp-content\/uploads\/2018\/04\/BodyFloat-Kinekt-Seat-Post-Video-BikeShore-1280x720.mp4\" target=\"_blank\" rel=\"noopener noreferrer\">Kinekt Isolations-Sattelst\u00fctze \u2013 F\u00dcR JEDEN K\u00d6RPER, JEDES FAHRRAD, JEDEN UNTERGRUND<\/a><\/p>\n<p><a href=\"https:\/\/bikeshore.com\/wp-content\/uploads\/2017\/04\/BikeShore-CirrusCycles-BodyFloat-vs.....-.mp4\" target=\"_blank\" rel=\"noopener noreferrer\">Sehen Sie sich unser Video an und erfahren Sie, wie die Kinekt-Sattelst\u00fctze Ihr Fahrgef\u00fchl verbessert.<\/a><\/p>\n<p>Der folgende Federratenrechner ist Nur g\u00fcltig f\u00fcr die ehemaligen BodyFloat-Modelle 2.0, 2.1, 3.0 und 3.1 sowie die neuen Kinekt LR-Sattelst\u00fctzen!<\/p>\n<p><a href=\"https:\/\/bikeshore.com\/spring-rate-calculator\/\" target=\"_blank\" rel=\"noopener noreferrer\">Federratenrechner<\/a><\/p>\n<p><em><strong>Hinweis:<\/strong>Die Gr\u00f6ssen S, M und L sind nicht mehr verf\u00fcgbar. Es sind nur noch die neuen Gr\u00f6ssen LR und XR erh\u00e4ltlich! So findest Du jetzt noch einfacher die f\u00fcr dich perfekte Kinekt-Sattelst\u00fctze!<\/em><\/p>\n","protected":false},"excerpt":{"rendered":"<h2>Stil + Performance: Neue, frische Farben<\/h2>\n<p>Kinekt die gefederte Sattelst\u00fctze ist jetzt Neu in frischen kr\u00e4ftigen, modernen Farben erh\u00e4ltlich. So Kannst Du den Charakter Deines Bikes unterstreichen, ohne Kompromisse bei der Performance einzugehen. W\u00e4hle aus auff\u00e4lligen T\u00f6nen wie leuchtendem Rot (Rainier Red), tiefem Gr\u00fcn (Evergreen), klassischem Blau (Bellingam Blue) und weitere Farben, es gibt auch immer wieder limitierte Sonderfarben \u2013 perfekt f\u00fcr alle, die mit ihrem Setup auffallen m\u00f6chten.<\/p>\n<p>Ob dezenter Akzent oder ein ausdrucksstarker Farbtupfer: Mit diesen neuen Optionen kannst Du Dein Bike individuell gestalten, ohne Kompromisse bei der Performance einzugehen. Ideal f\u00fcr alle, die ihr Bike stilvoll aufr\u00fcsten m\u00f6chten und dabei Wert auf Performance legen.<\/p>\n<p>Die Kinekt-Sattelst\u00fctze isoliert Deinen K\u00f6rper effektiver von Vibrationen und St\u00f6ssen auf Stra\u00dfe und Trail. Das Kinekt-Design verbessert Komfort, Kontrolle und Performance durch eine optimierte Verbindung zum Bike. Du sp\u00fcrst eine allgemeine Linderung von Schmerzen und Erm\u00fcdung und Du wirst Deine Fahrten wieder richtig  geniessen k\u00f6nnen!<\/p>\n<p>Kinektcomfort Sattelst\u00fctze \u2013 sofort fahrbereit<br \/>\nDie Aluminium Sattelst\u00fctzen sind in zwei neuen Versionen erh\u00e4ltlich:<\/p>\n<ul>\n<li><strong>LR:<\/strong> Aluminiumkonstruktion und Federspezifikationen f\u00fcr Fahrer von 36\u201382 kg (80\u2013180 lbs)<\/li>\n<li><strong>XR:<\/strong> Aluminiumkonstruktion und Federspezifikationen f\u00fcr Fahrer von 36\u2013145 kg (80\u2013320 lbs)<\/li>\n<\/ul>\n<p><strong>Hinweis f\u00fcr E-Bike-Fahrer:<\/strong><br \/>\n***Wenn Du eine gefederte Sattelst\u00fctze f\u00fcr Dein E-Bike ausw\u00e4hlst, empfehlen wir die LR f\u00fcr Fahrer unter 74 kg und die XR f\u00fcr Fahrer \u00fcber 74 kg, um der aufrechten Fahrweise und dem h\u00f6heren Gewicht von E-Bikes gerecht zu werden.<\/em><\/p>\n<p>W\u00e4hle einfach die passende Konfiguration (entsprechend Deinem Fahrergewicht) aus unseren zwei Basiskonfigurationen.<\/p>\n<ul>\n<li>LR = 36\u201382 kg (untere 1.75&#8243; Feder)<\/li>\n<li>XR = 36\u2013145 kg (untere 2&#8243; Feder)<br \/>\n*Die XR verf\u00fcgt nun \u00fcber eine f\u00fcnfte Feder, wodurch der zul\u00e4ssige Gewichtsbereich erweitert wird.*\n<\/ul><\/p>\n","protected":false},"featured_media":4533,"comment_status":"open","ping_status":"closed","template":"","meta":[],"product_brand":[],"product_cat":[29,289,286],"product_tag":[169,183,182],"class_list":{"0":"post-1509","1":"product","2":"type-product","3":"status-publish","4":"has-post-thumbnail","6":"product_cat-sattelstuetzen","7":"product_cat-cirrus-cycles-de","8":"product_cat-kinekt-gefederte-sattelstutze","9":"product_tag-aluminium","10":"product_tag-kinekt","11":"product_tag-sattelstutze","12":"product_shipping_class-bodyfloat-kinekt-de","13":"pa_base-spring-configurations-large-75-118kg-de","14":"pa_base-spring-configurations-lr-36-82kg-de","15":"pa_base-spring-configurations-medium-67-95kg-de","16":"pa_base-spring-configurations-neu-xr-36-145kg","17":"pa_base-spring-configurations-small-45-68kg-de","18":"pa_base-spring-configurations-xr-82-145kg-de","19":"pa_seatpost-27-2-x-350mm-de","20":"pa_seatpost-27-2-x-420mm-de","21":"pa_seatpost-30-9-x-350mm-de","22":"pa_seatpost-30-9-x-420mm-de","23":"pa_seatpost-31-6-x-350mm-de","24":"pa_seatpost-31-6-x-420mm-de","25":"pa_seatpost-34-9-x-350mm","26":"pa_seatpost-34-9-x-420mm","27":"pa_seatpost-34-9-x-510mm","29":"first","30":"instock","31":"purchasable","32":"product-type-variable"},"_links":{"self":[{"href":"https:\/\/shop.bikeshore.com\/de\/wp-json\/wp\/v2\/product\/1509","targetHints":{"allow":["GET"]}}],"collection":[{"href":"https:\/\/shop.bikeshore.com\/de\/wp-json\/wp\/v2\/product"}],"about":[{"href":"https:\/\/shop.bikeshore.com\/de\/wp-json\/wp\/v2\/types\/product"}],"replies":[{"embeddable":true,"href":"https:\/\/shop.bikeshore.com\/de\/wp-json\/wp\/v2\/comments?post=1509"}],"wp:featuredmedia":[{"embeddable":true,"href":"https:\/\/shop.bikeshore.com\/de\/wp-json\/wp\/v2\/media\/4533"}],"wp:attachment":[{"href":"https:\/\/shop.bikeshore.com\/de\/wp-json\/wp\/v2\/media?parent=1509"}],"wp:term":[{"taxonomy":"product_brand","embeddable":true,"href":"https:\/\/shop.bikeshore.com\/de\/wp-json\/wp\/v2\/product_brand?post=1509"},{"taxonomy":"product_cat","embeddable":true,"href":"https:\/\/shop.bikeshore.com\/de\/wp-json\/wp\/v2\/product_cat?post=1509"},{"taxonomy":"product_tag","embeddable":true,"href":"https:\/\/shop.bikeshore.com\/de\/wp-json\/wp\/v2\/product_tag?post=1509"}],"curies":[{"name":"wp","href":"https:\/\/api.w.org\/{rel}","templated":true}]}}