{"id":1261,"date":"2018-01-19T23:49:08","date_gmt":"2018-01-21T23:20:46","guid":{"rendered":"https:\/\/shop.bikeshore.com\/?post_type=product&#038;p=1261"},"modified":"2024-06-13T03:30:51","modified_gmt":"2024-06-13T01:30:51","slug":"redshift-shockstop-vorbau","status":"publish","type":"product","link":"https:\/\/shop.bikeshore.com\/de\/produkt\/shockstop-vorbau\/redshift-shockstop-vorbau\/","title":{"rendered":"Redshift ShockStop Vorbau"},"content":{"rendered":"<h2>Der Redshift ShockStop Vorbau gl\u00e4ttet Stra\u00dfenunebenheiten und reduziert Erm\u00fcdung und Belastung.<\/h2>\n<p>Ganz gleich, ob Sie auf einer Gruppenrundfahrt unterwegs sind oder Schotterstra\u00dfen erkunden, der ShockStop wird Ihre Fahrt sanfter, schneller und komfortabler machen. Das minimale, unauff\u00e4llige Design f\u00fcgt sich nahtlos in die \u00c4sthetik moderner Rennr\u00e4der ein.<\/p>\n<p>Verf\u00fcgbar in +\/- 6 Grad oder +30 Grad High Rise Version<br \/>\n+\/- 6 Grad in L\u00e4ngen von 90, 100, 110 und 120mm erh\u00e4ltlich.<br \/>\n+30 Grad erh\u00e4ltlich in 100mm L\u00e4nge.<br \/>\nEnth\u00e4lt 5 austauschbare Elastomere (2 vorinstallierte, 3 zus\u00e4tzliche), um das Fahrgef\u00fchl f\u00fcr Ihr Fahrrad, Gewicht und Fahrstil anzupassen.<br \/>\nEffektive Federweg &#8211; Bis zu 20 mm (Drop-Bar-Rennrad), bis zu 10 mm (Flat-Bar Rennrad).<br \/>\nMinimales Design verbindet sich mit modernen Rennr\u00e4dern.<br \/>\nPassend f\u00fcr Standard 1-1 \/ 8 Zoll Gabelschaftrohre<br \/>\nPassend f\u00fcr 31.8mm Lenker (25.4mm und 26.0mm Adapter verf\u00fcgbar)<br \/>\nDas ShockStop Stem-Paket enth\u00e4lt Folgendes:<\/p>\n<p>1 x ShockStop Vorbau<br \/>\n5 x austauschbare Elastomere (2 vorinstallierte, 3 zus\u00e4tzliche in Box)<br \/>\nAlle erforderlichen Hardware <\/p>\n","protected":false},"excerpt":{"rendered":"<p>Der Redshift ShockStop Vorbau gl\u00e4ttet Stra\u00dfenunebenheiten und reduziert Erm\u00fcdung und Belastung. Ganz gleich, ob Sie auf einer Gruppenrundfahrt unterwegs sind oder Schotterstra\u00dfen erkunden, der ShockStop wird Ihre Fahrt sanfter, schneller und komfortabler machen. Das minimale, unauff\u00e4llige Design f\u00fcgt sich nahtlos in die \u00c4sthetik moderner Rennr\u00e4der ein. Verf\u00fcgbar in +\/- 6 Grad oder +30 Grad High [&hellip;]<\/p>\n","protected":false},"featured_media":1249,"comment_status":"open","ping_status":"closed","template":"","meta":[],"product_brand":[],"product_cat":[214,290],"product_tag":[211,212,213],"class_list":{"0":"post-1261","1":"product","2":"type-product","3":"status-publish","4":"has-post-thumbnail","6":"product_cat-shockstop-vorbau","7":"product_cat-vorbau","8":"product_tag-redshift","9":"product_tag-shockstop-de","10":"product_tag-vorbau","11":"product_shipping_class-kleines-paket-bis-500g","12":"pa_stem-angle-length-shockstop-6-grad-100mm","13":"pa_stem-angle-length-shockstop-6-grad-110mm","14":"pa_stem-angle-length-shockstop-6-grad-120mm-de","15":"pa_stem-angle-length-shockstop-6-grad-90mm-de","16":"pa_stem-angle-length-shockstop-30-grad-100mm","18":"first","19":"instock","20":"purchasable","21":"product-type-variable"},"_links":{"self":[{"href":"https:\/\/shop.bikeshore.com\/de\/wp-json\/wp\/v2\/product\/1261","targetHints":{"allow":["GET"]}}],"collection":[{"href":"https:\/\/shop.bikeshore.com\/de\/wp-json\/wp\/v2\/product"}],"about":[{"href":"https:\/\/shop.bikeshore.com\/de\/wp-json\/wp\/v2\/types\/product"}],"replies":[{"embeddable":true,"href":"https:\/\/shop.bikeshore.com\/de\/wp-json\/wp\/v2\/comments?post=1261"}],"wp:featuredmedia":[{"embeddable":true,"href":"https:\/\/shop.bikeshore.com\/de\/wp-json\/wp\/v2\/media\/1249"}],"wp:attachment":[{"href":"https:\/\/shop.bikeshore.com\/de\/wp-json\/wp\/v2\/media?parent=1261"}],"wp:term":[{"taxonomy":"product_brand","embeddable":true,"href":"https:\/\/shop.bikeshore.com\/de\/wp-json\/wp\/v2\/product_brand?post=1261"},{"taxonomy":"product_cat","embeddable":true,"href":"https:\/\/shop.bikeshore.com\/de\/wp-json\/wp\/v2\/product_cat?post=1261"},{"taxonomy":"product_tag","embeddable":true,"href":"https:\/\/shop.bikeshore.com\/de\/wp-json\/wp\/v2\/product_tag?post=1261"}],"curies":[{"name":"wp","href":"https:\/\/api.w.org\/{rel}","templated":true}]}}