{"id":1137,"date":"2017-12-17T15:31:21","date_gmt":"2017-12-17T14:35:24","guid":{"rendered":"https:\/\/shop.bikeshore.com\/?post_type=product&#038;p=1137"},"modified":"2025-04-22T17:00:07","modified_gmt":"2025-04-22T15:00:07","slug":"kalibrierhulsen-fuer-sattelstuetzen","status":"publish","type":"product","link":"https:\/\/shop.bikeshore.com\/de\/produkt\/kinekt-zubehoer\/kalibrierhulsen-fuer-sattelstuetzen\/","title":{"rendered":"Top Kalibrierh\u00fclsen f\u00fcr Sattelst\u00fctzen"},"content":{"rendered":"<h2>Kalibrierh\u00fclsen f\u00fcr Sattelst\u00fctzen<\/h2>\n<p><strong>Wie finde ich den richtigen Durchmesser f\u00fcr meine Sattelst\u00fctze?<\/strong><\/p>\n<p>Sattelst\u00fctzen sollten auf 1\/10mm genau mit dem Rahmenrohr \u00fcbereinstimmen. Damit eine neue St\u00fctze genau in ihr Rahmenrohr passt, m\u00fcssen Sie lediglich die passende Kalibrier-H\u00fclse \u00fcber die Sattelst\u00fctze st\u00fclpen. Vorgehen:<\/p>\n<ul>\n<li>Messen Sie mit einer Schieblehre den Aussen-Durchmesser Ihrer jetzigen St\u00fctze (ist oft eingestanzt) oder den Innen-Durchmesser des Sattelrohres.<\/li>\n<li>W\u00e4hlen Sie die passende Sattelst\u00fctze mit dem gleichen Durchmesser oder, wenn nicht erh\u00e4ltlich, den n\u00e4chstkleineren Durchmesser.<\/li>\n<li>Wenn n\u00f6tig, erg\u00e4nzen Sie die fehlenden mm mit einer der H\u00fclsen.<\/li>\n","protected":false},"excerpt":{"rendered":"<p>Wir haben Kalibrierh\u00fclsen damit Ihre Wunsch Bodyfloat Kinekt Sattelst\u00fctze auch auf Ihr Velo passt! Wen Sie keine H\u00fclse f\u00fcr Ihre Gr\u00f6sse finden senden Sie uns ein <a href=\"https:\/\/bikeshore.com\/de\/kontakt\/\" target=\"_blank\" rel=\"noopener noreferrer\">email<\/a>. Wir werden f\u00fcr Sie eine finden!<\/p>\n","protected":false},"featured_media":934,"comment_status":"open","ping_status":"closed","template":"","meta":[],"product_brand":[],"product_cat":[32],"product_tag":[179],"class_list":{"0":"post-1137","1":"product","2":"type-product","3":"status-publish","4":"has-post-thumbnail","6":"product_cat-kinekt-zubehoer","7":"product_tag-kalibrierhulsen","8":"product_shipping_class-kleines-paket-bis-500g","9":"pa_seat-post-size-27-2mm-de","10":"pa_seat-post-size-30-9mm-de","11":"pa_seat-post-size-31-6mm-de","12":"pa_seat-tube-size-28-4mm-de","13":"pa_seat-tube-size-28-6mm-de","14":"pa_seat-tube-size-28-8mm-de","15":"pa_seat-tube-size-29-0mm-de","16":"pa_seat-tube-size-29-2mm-de","17":"pa_seat-tube-size-29-4mm-de","18":"pa_seat-tube-size-29-6mm-de","19":"pa_seat-tube-size-29-8mm-de","20":"pa_seat-tube-size-30-0mm-de","21":"pa_seat-tube-size-30-2mm-de","22":"pa_seat-tube-size-30-4mm-de","23":"pa_seat-tube-size-30-6mm-de","24":"pa_seat-tube-size-30-8mm-de","25":"pa_seat-tube-size-30-9mm-de","26":"pa_seat-tube-size-31-0mm-de","27":"pa_seat-tube-size-31-2mm-de","28":"pa_seat-tube-size-31-4mm-de","29":"pa_seat-tube-size-31-6mm-de","30":"pa_seat-tube-size-31-8mm-de","31":"pa_seat-tube-size-34-9mm-de","33":"first","34":"instock","35":"purchasable","36":"product-type-variable"},"_links":{"self":[{"href":"https:\/\/shop.bikeshore.com\/de\/wp-json\/wp\/v2\/product\/1137","targetHints":{"allow":["GET"]}}],"collection":[{"href":"https:\/\/shop.bikeshore.com\/de\/wp-json\/wp\/v2\/product"}],"about":[{"href":"https:\/\/shop.bikeshore.com\/de\/wp-json\/wp\/v2\/types\/product"}],"replies":[{"embeddable":true,"href":"https:\/\/shop.bikeshore.com\/de\/wp-json\/wp\/v2\/comments?post=1137"}],"wp:featuredmedia":[{"embeddable":true,"href":"https:\/\/shop.bikeshore.com\/de\/wp-json\/wp\/v2\/media\/934"}],"wp:attachment":[{"href":"https:\/\/shop.bikeshore.com\/de\/wp-json\/wp\/v2\/media?parent=1137"}],"wp:term":[{"taxonomy":"product_brand","embeddable":true,"href":"https:\/\/shop.bikeshore.com\/de\/wp-json\/wp\/v2\/product_brand?post=1137"},{"taxonomy":"product_cat","embeddable":true,"href":"https:\/\/shop.bikeshore.com\/de\/wp-json\/wp\/v2\/product_cat?post=1137"},{"taxonomy":"product_tag","embeddable":true,"href":"https:\/\/shop.bikeshore.com\/de\/wp-json\/wp\/v2\/product_tag?post=1137"}],"curies":[{"name":"wp","href":"https:\/\/api.w.org\/{rel}","templated":true}]}}