{"id":1061,"date":"2017-12-16T16:05:13","date_gmt":"2017-12-16T15:05:24","guid":{"rendered":"https:\/\/shop.bikeshore.com\/?post_type=product&#038;p=1061"},"modified":"2025-08-23T11:21:25","modified_gmt":"2025-08-23T09:21:25","slug":"bodyfloat-kinekt-tuning-drehknopf","status":"publish","type":"product","link":"https:\/\/shop.bikeshore.com\/de\/produkt\/kinekt-zubehoer\/bodyfloat-kinekt-tuning-drehknopf\/","title":{"rendered":"BodyFloat Kinekt Tuning Drehknopf"},"content":{"rendered":"<h2>BodyFloat Kinekt Tuning Drehknopf<\/h2>\n<p><strong>Ganz ohne Werkzeug. Alles was du brauchst sind deine H\u00e4nde.<\/strong><\/p>\n<p>Unser BodyFloat Kinekt Vorspann Einstellung Drehknopf erm\u00f6glicht es Dir, Anpassungen w\u00e4hrend der Fahrt zu machen, wenn die Strasse oder das Gel\u00e4nde wechselt kannst du deine BodyFloat Kinekt Sattelst\u00fctze sofort ganz ohne Werkzeug den wechselnden Verh\u00e4ltnissen anpassen.<\/p>\n<p><strong><em>Der Tuning Drehknopf ist in zwei L\u00e4ngen erh\u00e4ltlich (50 mm L\u00e4nge f\u00fcr \u00e4ltere 2.1- oder neue LR-Modelle) oder (60 mm L\u00e4nge f\u00fcr \u00e4ltere XL2- oder neue XR-Modelle).<\/em><\/strong><\/p>\n","protected":false},"excerpt":{"rendered":"<p><strong>Ganz ohne Werkzeug. Alles was du brauchst sind deine H\u00e4nde.<\/strong><\/p>\n<p>Unser BodyFloat Kinekt Vorspann Einstellung Drehknopf erm\u00f6glicht es Dir, Anpassungen w\u00e4hrend der Fahrt zu machen, wenn die Strasse oder das Gel\u00e4nde wechselt kannst du Deinen BodyFloat sofort ganz ohne Werkzeug den wechselnden Verh\u00e4ltnissen anpassen.<\/p>\n<p>Der BodyFloat Kinekt Drehknopf ist ein upgrade f\u00fcr alle gefederten Kinekt Sattelst\u00fctzen, w\u00e4hle einfach die richtige L\u00e4nge!<\/p>\n<p><strong><em>Der Tuning Drehknopf ist in zwei L\u00e4ngen erh\u00e4ltlich (50 mm L\u00e4nge f\u00fcr \u00e4ltere 2.1- oder neue LR-Modelle) oder (60 mm L\u00e4nge f\u00fcr \u00e4ltere XL2- oder neue XR-Modelle).<\/em><\/strong><\/p>\n","protected":false},"featured_media":931,"comment_status":"open","ping_status":"closed","template":"","meta":[],"product_brand":[],"product_cat":[32],"product_tag":[],"class_list":{"0":"post-1061","1":"product","2":"type-product","3":"status-publish","4":"has-post-thumbnail","6":"product_cat-kinekt-zubehoer","7":"product_shipping_class-brief-bis-100g","9":"first","10":"instock","11":"purchasable","12":"product-type-variable"},"_links":{"self":[{"href":"https:\/\/shop.bikeshore.com\/de\/wp-json\/wp\/v2\/product\/1061","targetHints":{"allow":["GET"]}}],"collection":[{"href":"https:\/\/shop.bikeshore.com\/de\/wp-json\/wp\/v2\/product"}],"about":[{"href":"https:\/\/shop.bikeshore.com\/de\/wp-json\/wp\/v2\/types\/product"}],"replies":[{"embeddable":true,"href":"https:\/\/shop.bikeshore.com\/de\/wp-json\/wp\/v2\/comments?post=1061"}],"wp:featuredmedia":[{"embeddable":true,"href":"https:\/\/shop.bikeshore.com\/de\/wp-json\/wp\/v2\/media\/931"}],"wp:attachment":[{"href":"https:\/\/shop.bikeshore.com\/de\/wp-json\/wp\/v2\/media?parent=1061"}],"wp:term":[{"taxonomy":"product_brand","embeddable":true,"href":"https:\/\/shop.bikeshore.com\/de\/wp-json\/wp\/v2\/product_brand?post=1061"},{"taxonomy":"product_cat","embeddable":true,"href":"https:\/\/shop.bikeshore.com\/de\/wp-json\/wp\/v2\/product_cat?post=1061"},{"taxonomy":"product_tag","embeddable":true,"href":"https:\/\/shop.bikeshore.com\/de\/wp-json\/wp\/v2\/product_tag?post=1061"}],"curies":[{"name":"wp","href":"https:\/\/api.w.org\/{rel}","templated":true}]}}