{"id":1053,"date":"2017-12-16T01:41:04","date_gmt":"2017-12-16T00:41:04","guid":{"rendered":"https:\/\/shop.bikeshore.com\/?post_type=product&#038;p=1053"},"modified":"2025-11-17T23:15:26","modified_gmt":"2025-11-17T22:15:26","slug":"bodyfloat-kinekt-hulle","status":"publish","type":"product","link":"https:\/\/shop.bikeshore.com\/de\/produkt\/kinekt-zubehoer\/bodyfloat-kinekt-hulle\/","title":{"rendered":"BodyFloat Kinekt H\u00fclle"},"content":{"rendered":"<h2>BodyFloat Kinekt H\u00fclle<\/h2>\n<p>Die LR\/XR BodyFloat Kinekt Wrap ist einfach eine anliegende Spandura-H\u00fclle mit Kordelzug, die deine Kinekt-Sattelst\u00fctze vor Witterungseinfl\u00fcssen sch\u00fctzt.<\/p>\n<p><em>Passt jetzt sowohl f\u00fcr das LR- als auch f\u00fcr das XR-Modell!<\/em><br \/>\n&#8230;.und nat\u00fcrlich auch f\u00fcr die ersten BodyFloat Modelle<\/p>\n<p>Unsere Schutzh\u00fclle f\u00fcr die LR\/XR-Modelle sorgt daf\u00fcr, dass Deine Kinekt Sattelst\u00fctze jahrelang wie neu aussieht. Der Schutz vor Witterungseinfl\u00fcssen erh\u00e4lt die einwandfreie Funktion.<\/p>\n<p>Die Kinekt H\u00fclle hilft dir auch, die Attraktivit\u00e4t f\u00fcr Diebe zu reduzieren!<\/p>\n<p><em>Spandura<\/em><br \/>\nDieses neu entwickelte Lycra kombiniert die Haltbarkeit von Cordura Nylon und die Dehnbarkeit von Lycra. Das Ergebnis ist ein Hightech-Hochleistungs-Nylon \/ Lycra-Gewebe mit einer hohen Abriebfestigkeit und Dauerhaftigkeit.<\/p>\n","protected":false},"excerpt":{"rendered":"<p>Behalte deine Bodyfloat Kinekt Sattelst\u00fctzen wie neu!<\/p>\n<p><em>Passt jetzt sowohl f\u00fcr das LR- als auch f\u00fcr das XR-Modell!<\/em><br \/>\n&#8230;.und nat\u00fcrlich auch f\u00fcr die ersten BodyFloat Modelle<\/p>\n<ul>\n<li>Unsere Schutzh\u00fclle f\u00fcr die LR\/XR-Modelle sorgt daf\u00fcr, dass Deine BodyFloat Kinekt-Sattelst\u00fctze jahrelang wie neu aussieht.<\/li>\n<li>Die massgefertigte Schutzh\u00fclle sitzt passgenau auf Deine Kinekt-Sattelst\u00fctze und sch\u00fctzt dank eines Kordelzugs zuverl\u00e4ssig vor Witterungseinfl\u00fcssen.<\/li>\n<\/ul>\n<p>Die Kinekt-Schutzh\u00fclle ist zudem eine effektive Methode, um in diebstahlgef\u00e4hrdeten Gegenden weniger Aufmerksamkeit zu erregen!<\/p>\n","protected":false},"featured_media":936,"comment_status":"open","ping_status":"closed","template":"","meta":[],"product_brand":[],"product_cat":[32],"product_tag":[174,175],"class_list":{"0":"post-1053","1":"product","2":"type-product","3":"status-publish","4":"has-post-thumbnail","6":"product_cat-kinekt-zubehoer","7":"product_tag-bodyfloat-kinekt","8":"product_tag-hulle","9":"product_shipping_class-brief-bis-100g","11":"first","12":"instock","13":"purchasable","14":"product-type-simple"},"_links":{"self":[{"href":"https:\/\/shop.bikeshore.com\/de\/wp-json\/wp\/v2\/product\/1053","targetHints":{"allow":["GET"]}}],"collection":[{"href":"https:\/\/shop.bikeshore.com\/de\/wp-json\/wp\/v2\/product"}],"about":[{"href":"https:\/\/shop.bikeshore.com\/de\/wp-json\/wp\/v2\/types\/product"}],"replies":[{"embeddable":true,"href":"https:\/\/shop.bikeshore.com\/de\/wp-json\/wp\/v2\/comments?post=1053"}],"wp:featuredmedia":[{"embeddable":true,"href":"https:\/\/shop.bikeshore.com\/de\/wp-json\/wp\/v2\/media\/936"}],"wp:attachment":[{"href":"https:\/\/shop.bikeshore.com\/de\/wp-json\/wp\/v2\/media?parent=1053"}],"wp:term":[{"taxonomy":"product_brand","embeddable":true,"href":"https:\/\/shop.bikeshore.com\/de\/wp-json\/wp\/v2\/product_brand?post=1053"},{"taxonomy":"product_cat","embeddable":true,"href":"https:\/\/shop.bikeshore.com\/de\/wp-json\/wp\/v2\/product_cat?post=1053"},{"taxonomy":"product_tag","embeddable":true,"href":"https:\/\/shop.bikeshore.com\/de\/wp-json\/wp\/v2\/product_tag?post=1053"}],"curies":[{"name":"wp","href":"https:\/\/api.w.org\/{rel}","templated":true}]}}