{"id":1043,"date":"2017-12-16T00:35:46","date_gmt":"2017-12-15T23:35:46","guid":{"rendered":"https:\/\/shop.bikeshore.com\/?post_type=product&#038;p=1043"},"modified":"2025-08-25T11:12:20","modified_gmt":"2025-08-25T09:12:20","slug":"bodyfloat-kinekt-austausch-federn","status":"publish","type":"product","link":"https:\/\/shop.bikeshore.com\/de\/produkt\/kinekt-zubehoer\/bodyfloat-kinekt-austausch-federn\/","title":{"rendered":"BodyFloat Kinekt Austausch Federn"},"content":{"rendered":"<h2>BodyFloat Kinekt Austausch Federn<\/h2>\n<p>G\u00f6nne dir verschiedene BodyFloat Kinekt Federn um die Kinekt Sattelst\u00fcze deinen individuellen Bed\u00fcrfnissen anzupassen. Die Federst\u00e4rken sind mit verschiedenen Farben gekennzeichnet. Ja, du kannst die Farben \/ Federn mischen um eine straffere oder komfortablere BodyFloat Kinekt Sattelst\u00fctze zu haben.<\/p>\n<p>F\u00fcr mehr Informationen oder Hilfe z\u00f6gere nicht uns eine <a href=\"https:\/\/bikeshore.com\/de\/kontakt\/\" target=\"_blank\" rel=\"noopener\">Email<\/a> zu senden.<\/p>\n<p><a href=\"https:\/\/bikeshore.com\/de\/federrate-berechnen\/\" target=\"_blank\" rel=\"noopener\">Federrate berechnen<\/a><\/p>\n","protected":false},"excerpt":{"rendered":"<p>Pass dir deine BodyFloat Kinekt Sattelst\u00fctze genau an deine W\u00fcnsche, deinen Fahrstil, deinen Einsatzbereich und an deine Komfort und Performance Anspr\u00fcche an.<\/p>\n<p>Montiere dir verschiedene BodyFloat Kinekt Federn um einfach das Optimum an Komfort und Performance aus deiner gefederten Kinekt Sattelst\u00fctze herauszuholen. Vieleicht hat sich auch dein Gewicht durch das viele fahren ver\u00e4ndert oder du m\u00f6chtest die Kinekt Sattelst\u00fctze an dein neues Fahrrad anassen. Die Federst\u00e4rken sind mit verschiedenen Farben gekennzeichnet. Selbstverst\u00e4ndlich kannst du die verschiedenen Federh\u00e4rten mischen um eine straffere oder komfortablere gefederte Kinekt Sattelst\u00fctze zu haben.<\/p>\n<p>Tipp: Tausche immer nur eine Feder aus um genau zu sp\u00fcren und erleben wie sich das Komfort oder Performance Verhalten deiner Kinekt Sattelst\u00fctze ver\u00e4ndert!<\/p>\n<p><strong>BITTE BEACHTEN:<\/strong> Wir verwenden drei verschiedene Federl\u00e4ngen. Die oberen Federn haben alle die gleiche Gr\u00f6\u00dfe (1,5 Zoll). Die unteren Federn unterscheiden sich je nach Modell (alle Bodyfloat-, 2.1- und LR-Modelle verwenden 1,75-Zoll-Federn). (Alle XL2- und XR-Modelle verwenden 2-Zoll-Federn). Wenn Sie sich nicht sicher sind, messen Sie die untere Feder vor der Bestellung bitte mit einem Massband.<\/p>\n<p>Um dir das Tunen deiner Kinekt Sattelst\u00fctze zu erleichtern empfehlen wir dir den <a href=\"https:\/\/shop.bikeshore.com\/de\/produkt\/zubehoer\/bodyfloat-kinekt-vorspann-einstellungs-drehknopf\/\" target=\"_blank\" title=\"Tuning ohne Werkzeug\" rel=\"noopener\">Tuning Drehknopf<\/a> mit dem du die Vorspannung und somit den negativ Federweg ganz ohne Werkzeug deinen W\u00fcnschen anpassen kannst\u00a8<\/p>\n<p>F\u00fcr mehr Informationen oder Hilfe z\u00f6gere nicht uns eine <a href=\"https:\/\/bikeshore.com\/de\/kontakt\/\" target=\"_blank\" rel=\"noopener\">Email<\/a> zu senden.<\/p>\n<p><a href=\"https:\/\/bikeshore.com\/de\/federrate-berechnen\/\">Federrate berechnen<\/a><\/p>\n","protected":false},"featured_media":4654,"comment_status":"open","ping_status":"closed","template":"","meta":[],"product_brand":[],"product_cat":[32],"product_tag":[177],"class_list":{"0":"post-1043","1":"product","2":"type-product","3":"status-publish","4":"has-post-thumbnail","6":"product_cat-kinekt-zubehoer","7":"product_tag-federn","8":"product_shipping_class-brief-bis-100g","9":"pa_spring-colour-orange-de","10":"pa_spring-colour-schwarz","11":"pa_spring-colour-violett","12":"pa_spring-colour-weiss","13":"pa_spring-colour-xr-2-rot-staerkste","14":"pa_spring-colour-xr-2-gelb-staerker","15":"pa_spring-colour-xr-2-weiss-stark","16":"pa_top-bottom-oben","17":"pa_top-bottom-unten","19":"first","20":"instock","21":"purchasable","22":"product-type-variable"},"_links":{"self":[{"href":"https:\/\/shop.bikeshore.com\/de\/wp-json\/wp\/v2\/product\/1043","targetHints":{"allow":["GET"]}}],"collection":[{"href":"https:\/\/shop.bikeshore.com\/de\/wp-json\/wp\/v2\/product"}],"about":[{"href":"https:\/\/shop.bikeshore.com\/de\/wp-json\/wp\/v2\/types\/product"}],"replies":[{"embeddable":true,"href":"https:\/\/shop.bikeshore.com\/de\/wp-json\/wp\/v2\/comments?post=1043"}],"wp:featuredmedia":[{"embeddable":true,"href":"https:\/\/shop.bikeshore.com\/de\/wp-json\/wp\/v2\/media\/4654"}],"wp:attachment":[{"href":"https:\/\/shop.bikeshore.com\/de\/wp-json\/wp\/v2\/media?parent=1043"}],"wp:term":[{"taxonomy":"product_brand","embeddable":true,"href":"https:\/\/shop.bikeshore.com\/de\/wp-json\/wp\/v2\/product_brand?post=1043"},{"taxonomy":"product_cat","embeddable":true,"href":"https:\/\/shop.bikeshore.com\/de\/wp-json\/wp\/v2\/product_cat?post=1043"},{"taxonomy":"product_tag","embeddable":true,"href":"https:\/\/shop.bikeshore.com\/de\/wp-json\/wp\/v2\/product_tag?post=1043"}],"curies":[{"name":"wp","href":"https:\/\/api.w.org\/{rel}","templated":true}]}}